{"id":10995,"date":"2025-06-29T13:38:30","date_gmt":"2025-06-29T11:38:30","guid":{"rendered":"https:\/\/uj.adatbank.ro\/lexikon\/termek\/kacsics-simon\/"},"modified":"2025-06-29T13:38:30","modified_gmt":"2025-06-29T11:38:30","slug":"kacsics-simon","status":"publish","type":"product","link":"https:\/\/uj.adatbank.ro\/lexikon\/termek\/kacsics-simon\/","title":{"rendered":"K\u00c1CSICS Simon"},"content":{"rendered":"<p>? \u2020 ?: v\u00e1r \u00far. \u2013 Az els\u0151 tulajdonosa volt a marosv\u00e9csi v\u00e1rnak, a hozz\u00e1tartoz\u00f3 \u00f3ri\u00e1s birtokkal egy\u00fctt (13. sz.). R\u00e9szt vett Gertrudis kir\u00e1lyn\u0151 meggyilkol\u00e1s\u00e1ban (1213) \u00e9s ez\u00e9rt II. Endre kir. a v\u00e9csi v\u00e1rat \u00e9s \u00f6sszes birtokait elkobozta (1228). S\u00e1rpatak 13. sz. &#8211; ban \u00e9p\u00fclt egyhaj\u00f3s temploma a K\u00e1csics nemzets\u00e9g alap\u00edt\u00e1sa. Kacsics nb=Simon (1322. \u00e1pr. 20. \u2013 1327. j\u00fan. 4.). <br \/><strong>Irod.:<\/strong> Berekm\u00e9ri\u2013G\u00e1lfi; Entz 1994; Sz\u00e9pr\u00e9ti: R\u00e9gi \u00e9s \u00faj vil\u00e1g; ; Sz\u00e9kelyf\u00f6ld t\u00f6rt. 1.<\/br><\/p>\n","protected":false},"excerpt":{"rendered":"<p>? \u2020 ?: v\u00e1r \u00far. \u2013 Az els\u0151 tulajdonosa volt a marosv\u00e9csi v\u00e1rnak, a hozz\u00e1tartoz\u00f3 \u00f3ri\u00e1s birtokkal egy\u00fctt (13. sz.). R\u00e9szt vett Gertrudis kir\u00e1lyn\u0151 meggyilkol\u00e1s\u00e1ban (1213) \u00e9s ez\u00e9rt II. Endre kir. a v\u00e9csi v\u00e1rat \u00e9s \u00f6sszes birtokait elkobozta (1228). S\u00e1rpatak 13. sz. &#8211; ban \u00e9p\u00fclt egyhaj\u00f3s temploma a K\u00e1csics nemzets\u00e9g alap\u00edt\u00e1sa. Kacsics nb=Simon (1322. \u00e1pr. [&hellip;]<\/p>\n","protected":false},"featured_media":0,"comment_status":"open","ping_status":"closed","template":"","meta":[],"product_brand":[],"product_cat":[137],"product_tag":[],"class_list":{"0":"post-10995","1":"product","2":"type-product","3":"status-publish","5":"product_cat-maros-megyei-eletrajzi-lexikon","7":"first","8":"instock","9":"shipping-taxable","10":"product-type-simple"},"_links":{"self":[{"href":"https:\/\/uj.adatbank.ro\/lexikon\/wp-json\/wp\/v2\/product\/10995","targetHints":{"allow":["GET"]}}],"collection":[{"href":"https:\/\/uj.adatbank.ro\/lexikon\/wp-json\/wp\/v2\/product"}],"about":[{"href":"https:\/\/uj.adatbank.ro\/lexikon\/wp-json\/wp\/v2\/types\/product"}],"replies":[{"embeddable":true,"href":"https:\/\/uj.adatbank.ro\/lexikon\/wp-json\/wp\/v2\/comments?post=10995"}],"wp:attachment":[{"href":"https:\/\/uj.adatbank.ro\/lexikon\/wp-json\/wp\/v2\/media?parent=10995"}],"wp:term":[{"taxonomy":"product_brand","embeddable":true,"href":"https:\/\/uj.adatbank.ro\/lexikon\/wp-json\/wp\/v2\/product_brand?post=10995"},{"taxonomy":"product_cat","embeddable":true,"href":"https:\/\/uj.adatbank.ro\/lexikon\/wp-json\/wp\/v2\/product_cat?post=10995"},{"taxonomy":"product_tag","embeddable":true,"href":"https:\/\/uj.adatbank.ro\/lexikon\/wp-json\/wp\/v2\/product_tag?post=10995"}],"curies":[{"name":"wp","href":"https:\/\/api.w.org\/{rel}","templated":true}]}}