{"id":10996,"date":"2025-06-29T13:38:31","date_gmt":"2025-06-29T11:38:31","guid":{"rendered":"https:\/\/uj.adatbank.ro\/lexikon\/termek\/kacso-albert-%c2%a7\/"},"modified":"2025-06-29T13:38:31","modified_gmt":"2025-06-29T11:38:31","slug":"kacso-albert-%c2%a7","status":"publish","type":"product","link":"https:\/\/uj.adatbank.ro\/lexikon\/termek\/kacso-albert-%c2%a7\/","title":{"rendered":"KACS\u00d3 Albert, \u00a7"},"content":{"rendered":"<p>Ny\u00e1r\u00e1dmagyar\u00f3s, 1921. j\u00fan. 7., \u2020 Mv., 1998. \u00e1pr. 15. Ny\u00e1r\u00e1dmagyar\u00f3son temett\u00e9k: gy\u00f3gyszer\u00e9sz. \u2013 Losoncon \u00e9retts\u00e9gizett (1944). Napsz\u00e1mos volt, azt\u00e1n szolga, kifut\u00f3 fi\u00fa, labor\u00e1ns a mv.-i Gy\u00f3gyszer\u00e9szeti Kar analitikai k\u00e9miai tansz\u00e9k\u00e9n, majd a MOGYI Gy\u00f3gyszer\u00e9szeti Kar\u00e1n szerzett oklevelet (1951). A tansz\u00e9ken gyakornok, tan\u00e1rseg\u00e9d, docens a MAT tartom\u00e1nyi f\u0151gy\u00f3gyszer\u00e9sze (1952. j\u00fal. 15. \u2013); a Maros megyei Centrofarm (Gy\u00f3gyszerk\u00f6zpont) v\u00e1llalat inspektora (1952\u2013); igazgat\u00f3ja (1957\u2013). Megszervezte a marosmegyei falusi gy\u00f3gyszert\u00e1r- h\u00e1l\u00f3zatot (1953). A MOGYI-n a Gy\u00f3gyszert\u00e1rtervez\u00e9si \u00e9s K\u00f6nyvel\u00e9si Tansz\u00e9k vezet\u0151je (1954\u201356, 1961\u201365); a Gy\u00f3gyszer\u00e9szeti \u00c9rtes\u00edt\u0151 f\u0151szerkeszt\u0151je (1957). F\u0151gy\u00f3gyszer\u00e9szeti vizsg\u00e1t tett (1961\u2013); az Eg\u00e9szs\u00e9g\u00fcgyi Technikum tan\u00e1ra (1962\u201374); l\u00e9trehozta a mez\u0151b\u00e1ndi kis\u00e9rleti gy\u00f3gyn\u00f6v\u00e9ny- termeszt\u0151 telepet (1977). Doktor\u00e1lt Mv.-en, t\u00e9zise: Plantele medicinale \u015fi aromatice din Valea T\u00e2rnavei Mici, 1977, melyben a Ny\u00e1r\u00e1d- menti vid\u00e9k gy\u00f3gyn\u00f6v\u00e9ny\u00e1llapot\u00e1t mutatta be. Nyugd\u00edjazt\u00e1k (1984). Szaktanulm\u00e1nyait k\u00f6z\u00f6lte a : Revista Medical\u0103-Orvosi Szemle, Acta Hargitensia, Gy\u00f3gyszer\u00e9szeti \u00c9rtes\u00edt\u0151, Note Botanice, Farmacia, Practica Farmaceutic\u0103. <br \/><strong>Irod.:<\/strong> Bartis Ferenc: Ezerj\u00f3f\u0171 eg\u00e9szs\u00e9g\u00fcnkre: Gy\u00f3gyn\u00f6v\u00e9nyek a gy\u00f3gyszergy\u00e1rban (\u00daj \u00c9let, 18. sz. 1980); Facultatea de Farmacie; Genersich; KKACs; [Nekrol\u00f3g] (N\u00fa., 1998. \u00e1pr. 16.); P\u00e9ter H. M.; P\u00e9ter H. M. 2013; RMIL; RMKK<\/br><\/p>\n","protected":false},"excerpt":{"rendered":"<p>Ny\u00e1r\u00e1dmagyar\u00f3s, 1921. j\u00fan. 7., \u2020 Mv., 1998. \u00e1pr. 15. Ny\u00e1r\u00e1dmagyar\u00f3son temett\u00e9k: gy\u00f3gyszer\u00e9sz. \u2013 Losoncon \u00e9retts\u00e9gizett (1944). Napsz\u00e1mos volt, azt\u00e1n szolga, kifut\u00f3 fi\u00fa, labor\u00e1ns a mv.-i Gy\u00f3gyszer\u00e9szeti Kar analitikai k\u00e9miai tansz\u00e9k\u00e9n, majd a MOGYI Gy\u00f3gyszer\u00e9szeti Kar\u00e1n szerzett oklevelet (1951). A tansz\u00e9ken gyakornok, tan\u00e1rseg\u00e9d, docens a MAT tartom\u00e1nyi f\u0151gy\u00f3gyszer\u00e9sze (1952. j\u00fal. 15. \u2013); a Maros megyei Centrofarm [&hellip;]<\/p>\n","protected":false},"featured_media":0,"comment_status":"open","ping_status":"closed","template":"","meta":[],"product_brand":[],"product_cat":[137],"product_tag":[],"class_list":{"0":"post-10996","1":"product","2":"type-product","3":"status-publish","5":"product_cat-maros-megyei-eletrajzi-lexikon","7":"first","8":"instock","9":"shipping-taxable","10":"product-type-simple"},"_links":{"self":[{"href":"https:\/\/uj.adatbank.ro\/lexikon\/wp-json\/wp\/v2\/product\/10996","targetHints":{"allow":["GET"]}}],"collection":[{"href":"https:\/\/uj.adatbank.ro\/lexikon\/wp-json\/wp\/v2\/product"}],"about":[{"href":"https:\/\/uj.adatbank.ro\/lexikon\/wp-json\/wp\/v2\/types\/product"}],"replies":[{"embeddable":true,"href":"https:\/\/uj.adatbank.ro\/lexikon\/wp-json\/wp\/v2\/comments?post=10996"}],"wp:attachment":[{"href":"https:\/\/uj.adatbank.ro\/lexikon\/wp-json\/wp\/v2\/media?parent=10996"}],"wp:term":[{"taxonomy":"product_brand","embeddable":true,"href":"https:\/\/uj.adatbank.ro\/lexikon\/wp-json\/wp\/v2\/product_brand?post=10996"},{"taxonomy":"product_cat","embeddable":true,"href":"https:\/\/uj.adatbank.ro\/lexikon\/wp-json\/wp\/v2\/product_cat?post=10996"},{"taxonomy":"product_tag","embeddable":true,"href":"https:\/\/uj.adatbank.ro\/lexikon\/wp-json\/wp\/v2\/product_tag?post=10996"}],"curies":[{"name":"wp","href":"https:\/\/api.w.org\/{rel}","templated":true}]}}