{"id":10997,"date":"2025-06-29T13:38:33","date_gmt":"2025-06-29T11:38:33","guid":{"rendered":"https:\/\/uj.adatbank.ro\/lexikon\/termek\/kacso-andras\/"},"modified":"2025-06-29T13:38:33","modified_gmt":"2025-06-29T11:38:33","slug":"kacso-andras","status":"publish","type":"product","link":"https:\/\/uj.adatbank.ro\/lexikon\/termek\/kacso-andras\/","title":{"rendered":"KACS\u00d3 Andr\u00e1s"},"content":{"rendered":"<p>Ny\u00e1r\u00e1dremete, 1875., \u2020 Gy\u0151r, 1960.: erd\u00e9sz. \u2013 A gy\u0151ri Erd\u00e9szeti igazgat\u00f3s\u00e1g erd\u0151tan\u00e1csosa volt. <br \/><strong>Irod.:<\/strong> Ny\u00e1r\u00e1dremete<\/br><\/p>\n","protected":false},"excerpt":{"rendered":"<p>Ny\u00e1r\u00e1dremete, 1875., \u2020 Gy\u0151r, 1960.: erd\u00e9sz. \u2013 A gy\u0151ri Erd\u00e9szeti igazgat\u00f3s\u00e1g erd\u0151tan\u00e1csosa volt. Irod.: Ny\u00e1r\u00e1dremete<\/p>\n","protected":false},"featured_media":0,"comment_status":"open","ping_status":"closed","template":"","meta":[],"product_brand":[],"product_cat":[137],"product_tag":[],"class_list":{"0":"post-10997","1":"product","2":"type-product","3":"status-publish","5":"product_cat-maros-megyei-eletrajzi-lexikon","7":"first","8":"instock","9":"shipping-taxable","10":"product-type-simple"},"_links":{"self":[{"href":"https:\/\/uj.adatbank.ro\/lexikon\/wp-json\/wp\/v2\/product\/10997","targetHints":{"allow":["GET"]}}],"collection":[{"href":"https:\/\/uj.adatbank.ro\/lexikon\/wp-json\/wp\/v2\/product"}],"about":[{"href":"https:\/\/uj.adatbank.ro\/lexikon\/wp-json\/wp\/v2\/types\/product"}],"replies":[{"embeddable":true,"href":"https:\/\/uj.adatbank.ro\/lexikon\/wp-json\/wp\/v2\/comments?post=10997"}],"wp:attachment":[{"href":"https:\/\/uj.adatbank.ro\/lexikon\/wp-json\/wp\/v2\/media?parent=10997"}],"wp:term":[{"taxonomy":"product_brand","embeddable":true,"href":"https:\/\/uj.adatbank.ro\/lexikon\/wp-json\/wp\/v2\/product_brand?post=10997"},{"taxonomy":"product_cat","embeddable":true,"href":"https:\/\/uj.adatbank.ro\/lexikon\/wp-json\/wp\/v2\/product_cat?post=10997"},{"taxonomy":"product_tag","embeddable":true,"href":"https:\/\/uj.adatbank.ro\/lexikon\/wp-json\/wp\/v2\/product_tag?post=10997"}],"curies":[{"name":"wp","href":"https:\/\/api.w.org\/{rel}","templated":true}]}}