{"id":10998,"date":"2025-06-29T13:38:34","date_gmt":"2025-06-29T11:38:34","guid":{"rendered":"https:\/\/uj.adatbank.ro\/lexikon\/termek\/kacso-antal\/"},"modified":"2025-06-29T13:38:34","modified_gmt":"2025-06-29T11:38:34","slug":"kacso-antal","status":"publish","type":"product","link":"https:\/\/uj.adatbank.ro\/lexikon\/termek\/kacso-antal\/","title":{"rendered":"KACS\u00d3 Antal"},"content":{"rendered":"<p>Ny\u00e1r\u00e1dmagyar\u00f3s,., ? \u2020 ? 2023. j\u00fan. 2 ?: polg\u00e1rmester. \u2013 Ny\u00e1r\u00e1dmagyar\u00f3s polg\u00e1rmestere 16 \u00e9vig. Fejlesztette a k\u00f6zs\u00e9g tev\u00e9kenys\u00e9g\u00e9t, a Bekecsalj\u00e1n \u00e9s a Bekecs-hegyen. Az RMDSZ Maros megyei szervezete saj\u00e1t halottj\u00e1nak tekintette. <br \/><strong>Irod.:<\/strong> N\u00e9p\u00fajs\u00e1g 2023. j\u00fan. 1.<\/br><\/p>\n","protected":false},"excerpt":{"rendered":"<p>Ny\u00e1r\u00e1dmagyar\u00f3s,., ? \u2020 ? 2023. j\u00fan. 2 ?: polg\u00e1rmester. \u2013 Ny\u00e1r\u00e1dmagyar\u00f3s polg\u00e1rmestere 16 \u00e9vig. Fejlesztette a k\u00f6zs\u00e9g tev\u00e9kenys\u00e9g\u00e9t, a Bekecsalj\u00e1n \u00e9s a Bekecs-hegyen. Az RMDSZ Maros megyei szervezete saj\u00e1t halottj\u00e1nak tekintette. Irod.: N\u00e9p\u00fajs\u00e1g 2023. j\u00fan. 1.<\/p>\n","protected":false},"featured_media":0,"comment_status":"open","ping_status":"closed","template":"","meta":[],"product_brand":[],"product_cat":[137],"product_tag":[],"class_list":{"0":"post-10998","1":"product","2":"type-product","3":"status-publish","5":"product_cat-maros-megyei-eletrajzi-lexikon","7":"first","8":"instock","9":"shipping-taxable","10":"product-type-simple"},"_links":{"self":[{"href":"https:\/\/uj.adatbank.ro\/lexikon\/wp-json\/wp\/v2\/product\/10998","targetHints":{"allow":["GET"]}}],"collection":[{"href":"https:\/\/uj.adatbank.ro\/lexikon\/wp-json\/wp\/v2\/product"}],"about":[{"href":"https:\/\/uj.adatbank.ro\/lexikon\/wp-json\/wp\/v2\/types\/product"}],"replies":[{"embeddable":true,"href":"https:\/\/uj.adatbank.ro\/lexikon\/wp-json\/wp\/v2\/comments?post=10998"}],"wp:attachment":[{"href":"https:\/\/uj.adatbank.ro\/lexikon\/wp-json\/wp\/v2\/media?parent=10998"}],"wp:term":[{"taxonomy":"product_brand","embeddable":true,"href":"https:\/\/uj.adatbank.ro\/lexikon\/wp-json\/wp\/v2\/product_brand?post=10998"},{"taxonomy":"product_cat","embeddable":true,"href":"https:\/\/uj.adatbank.ro\/lexikon\/wp-json\/wp\/v2\/product_cat?post=10998"},{"taxonomy":"product_tag","embeddable":true,"href":"https:\/\/uj.adatbank.ro\/lexikon\/wp-json\/wp\/v2\/product_tag?post=10998"}],"curies":[{"name":"wp","href":"https:\/\/api.w.org\/{rel}","templated":true}]}}