{"id":10999,"date":"2025-06-29T13:38:36","date_gmt":"2025-06-29T11:38:36","guid":{"rendered":"https:\/\/uj.adatbank.ro\/lexikon\/termek\/kacso-beni\/"},"modified":"2025-06-29T13:38:36","modified_gmt":"2025-06-29T11:38:36","slug":"kacso-beni","status":"publish","type":"product","link":"https:\/\/uj.adatbank.ro\/lexikon\/termek\/kacso-beni\/","title":{"rendered":"KACS\u00d3 B\u00e9ni"},"content":{"rendered":"<p>Ny\u00e1r\u00e1dmagyar\u00f3s, 1908. j\u00fan. 6., Mez\u0151k\u00f6vesd, 1944. nov. 7.: honv\u00e9d. \u2013 A 27. gyalogezred, aknavet\u0151s sz\u00e1zad\u00e1ban honv\u00e9d. Sebes\u00fclt. <br \/><strong>Irod.:<\/strong> Berekm\u00e9ri 2015<\/br><\/p>\n","protected":false},"excerpt":{"rendered":"<p>Ny\u00e1r\u00e1dmagyar\u00f3s, 1908. j\u00fan. 6., Mez\u0151k\u00f6vesd, 1944. nov. 7.: honv\u00e9d. \u2013 A 27. gyalogezred, aknavet\u0151s sz\u00e1zad\u00e1ban honv\u00e9d. Sebes\u00fclt. Irod.: Berekm\u00e9ri 2015<\/p>\n","protected":false},"featured_media":0,"comment_status":"open","ping_status":"closed","template":"","meta":[],"product_brand":[],"product_cat":[137],"product_tag":[],"class_list":{"0":"post-10999","1":"product","2":"type-product","3":"status-publish","5":"product_cat-maros-megyei-eletrajzi-lexikon","7":"first","8":"instock","9":"shipping-taxable","10":"product-type-simple"},"_links":{"self":[{"href":"https:\/\/uj.adatbank.ro\/lexikon\/wp-json\/wp\/v2\/product\/10999","targetHints":{"allow":["GET"]}}],"collection":[{"href":"https:\/\/uj.adatbank.ro\/lexikon\/wp-json\/wp\/v2\/product"}],"about":[{"href":"https:\/\/uj.adatbank.ro\/lexikon\/wp-json\/wp\/v2\/types\/product"}],"replies":[{"embeddable":true,"href":"https:\/\/uj.adatbank.ro\/lexikon\/wp-json\/wp\/v2\/comments?post=10999"}],"wp:attachment":[{"href":"https:\/\/uj.adatbank.ro\/lexikon\/wp-json\/wp\/v2\/media?parent=10999"}],"wp:term":[{"taxonomy":"product_brand","embeddable":true,"href":"https:\/\/uj.adatbank.ro\/lexikon\/wp-json\/wp\/v2\/product_brand?post=10999"},{"taxonomy":"product_cat","embeddable":true,"href":"https:\/\/uj.adatbank.ro\/lexikon\/wp-json\/wp\/v2\/product_cat?post=10999"},{"taxonomy":"product_tag","embeddable":true,"href":"https:\/\/uj.adatbank.ro\/lexikon\/wp-json\/wp\/v2\/product_tag?post=10999"}],"curies":[{"name":"wp","href":"https:\/\/api.w.org\/{rel}","templated":true}]}}