{"id":11000,"date":"2025-06-29T13:38:38","date_gmt":"2025-06-29T11:38:38","guid":{"rendered":"https:\/\/uj.adatbank.ro\/lexikon\/termek\/kacso-boldizsar\/"},"modified":"2025-06-29T13:38:38","modified_gmt":"2025-06-29T11:38:38","slug":"kacso-boldizsar","status":"publish","type":"product","link":"https:\/\/uj.adatbank.ro\/lexikon\/termek\/kacso-boldizsar\/","title":{"rendered":"KACS\u00d3 Boldizs\u00e1r"},"content":{"rendered":"<p>Ny\u00e1r\u00e1dremete, 1874. aug. 3., \u2020 Dics\u0151szentm\u00e1rton, 1928. nov. 10.: r. k. pap. \u2013 Tanulm\u00e1nyait a mv.-i r. k. f\u0151gimn.-ban, majd a bp.-i K\u00f6zponti Teol\u00f3gi\u00e1n v\u00e9gezte. Papp\u00e1 szentelt\u00e9k (1900. j\u00fal. 2.). K\u00e1pl\u00e1n volt Gyergy\u00f3\u00fajfaluban. Hittantan\u00e1r Kv.-on (1903). K\u00e1pl\u00e1n \u00e9s hittantan\u00e1r Cs\u00edkszentsimon-Csat\u00f3szegen, Ditr\u00f3ban, Als\u00f3csern\u00e1tonban, Ozsdol\u00e1n, Csikmadarason. Dics\u0151szentm\u00e1rtonban pl\u00e9b\u00e1nos (1921\u201326) \u00e9s f\u0151esperes hal\u00e1l\u00e1ig (1926\u201328). T\u00fcd\u0151r\u00e1kban halt meg. <br \/><strong>Irod.:<\/strong> Ferenczi S\u00e1ndor 2009; Maros-k\u00fck\u00fcll\u0151i f\u0151esp.; Eremitu\u2013Ny\u00e1r\u00e1dremete<\/br><\/p>\n","protected":false},"excerpt":{"rendered":"<p>Ny\u00e1r\u00e1dremete, 1874. aug. 3., \u2020 Dics\u0151szentm\u00e1rton, 1928. nov. 10.: r. k. pap. \u2013 Tanulm\u00e1nyait a mv.-i r. k. f\u0151gimn.-ban, majd a bp.-i K\u00f6zponti Teol\u00f3gi\u00e1n v\u00e9gezte. Papp\u00e1 szentelt\u00e9k (1900. j\u00fal. 2.). K\u00e1pl\u00e1n volt Gyergy\u00f3\u00fajfaluban. Hittantan\u00e1r Kv.-on (1903). K\u00e1pl\u00e1n \u00e9s hittantan\u00e1r Cs\u00edkszentsimon-Csat\u00f3szegen, Ditr\u00f3ban, Als\u00f3csern\u00e1tonban, Ozsdol\u00e1n, Csikmadarason. Dics\u0151szentm\u00e1rtonban pl\u00e9b\u00e1nos (1921\u201326) \u00e9s f\u0151esperes hal\u00e1l\u00e1ig (1926\u201328). T\u00fcd\u0151r\u00e1kban halt meg. Irod.: [&hellip;]<\/p>\n","protected":false},"featured_media":0,"comment_status":"open","ping_status":"closed","template":"","meta":[],"product_brand":[],"product_cat":[137],"product_tag":[],"class_list":{"0":"post-11000","1":"product","2":"type-product","3":"status-publish","5":"product_cat-maros-megyei-eletrajzi-lexikon","7":"first","8":"instock","9":"shipping-taxable","10":"product-type-simple"},"_links":{"self":[{"href":"https:\/\/uj.adatbank.ro\/lexikon\/wp-json\/wp\/v2\/product\/11000","targetHints":{"allow":["GET"]}}],"collection":[{"href":"https:\/\/uj.adatbank.ro\/lexikon\/wp-json\/wp\/v2\/product"}],"about":[{"href":"https:\/\/uj.adatbank.ro\/lexikon\/wp-json\/wp\/v2\/types\/product"}],"replies":[{"embeddable":true,"href":"https:\/\/uj.adatbank.ro\/lexikon\/wp-json\/wp\/v2\/comments?post=11000"}],"wp:attachment":[{"href":"https:\/\/uj.adatbank.ro\/lexikon\/wp-json\/wp\/v2\/media?parent=11000"}],"wp:term":[{"taxonomy":"product_brand","embeddable":true,"href":"https:\/\/uj.adatbank.ro\/lexikon\/wp-json\/wp\/v2\/product_brand?post=11000"},{"taxonomy":"product_cat","embeddable":true,"href":"https:\/\/uj.adatbank.ro\/lexikon\/wp-json\/wp\/v2\/product_cat?post=11000"},{"taxonomy":"product_tag","embeddable":true,"href":"https:\/\/uj.adatbank.ro\/lexikon\/wp-json\/wp\/v2\/product_tag?post=11000"}],"curies":[{"name":"wp","href":"https:\/\/api.w.org\/{rel}","templated":true}]}}