{"id":11001,"date":"2025-06-29T13:38:40","date_gmt":"2025-06-29T11:38:40","guid":{"rendered":"https:\/\/uj.adatbank.ro\/lexikon\/termek\/kacso-boldizsar-j\/"},"modified":"2025-06-29T13:38:40","modified_gmt":"2025-06-29T11:38:40","slug":"kacso-boldizsar-j","status":"publish","type":"product","link":"https:\/\/uj.adatbank.ro\/lexikon\/termek\/kacso-boldizsar-j\/","title":{"rendered":"KACS\u00d3 Boldizs\u00e1r, J."},"content":{"rendered":"<p>Ny\u00e1r\u00e1dmagyar\u00f3s, 1888, \u2020 ? : kisbirtokos. \u2013 R\u00e9szt vett az I. vh.-ban (1914\u201318). Szakaszvezet\u0151, l\u0151v\u00e9szmester. <br \/><strong>Irod.:<\/strong> Erd\u00e9lyi ezredek; Eremitu-Ny\u00e1r\u00e1dremete; Ny\u00e1r\u00e1dremete<\/br><\/p>\n","protected":false},"excerpt":{"rendered":"<p>Ny\u00e1r\u00e1dmagyar\u00f3s, 1888, \u2020 ? : kisbirtokos. \u2013 R\u00e9szt vett az I. vh.-ban (1914\u201318). Szakaszvezet\u0151, l\u0151v\u00e9szmester. Irod.: Erd\u00e9lyi ezredek; Eremitu-Ny\u00e1r\u00e1dremete; Ny\u00e1r\u00e1dremete<\/p>\n","protected":false},"featured_media":0,"comment_status":"open","ping_status":"closed","template":"","meta":[],"product_brand":[],"product_cat":[137],"product_tag":[],"class_list":{"0":"post-11001","1":"product","2":"type-product","3":"status-publish","5":"product_cat-maros-megyei-eletrajzi-lexikon","7":"first","8":"instock","9":"shipping-taxable","10":"product-type-simple"},"_links":{"self":[{"href":"https:\/\/uj.adatbank.ro\/lexikon\/wp-json\/wp\/v2\/product\/11001","targetHints":{"allow":["GET"]}}],"collection":[{"href":"https:\/\/uj.adatbank.ro\/lexikon\/wp-json\/wp\/v2\/product"}],"about":[{"href":"https:\/\/uj.adatbank.ro\/lexikon\/wp-json\/wp\/v2\/types\/product"}],"replies":[{"embeddable":true,"href":"https:\/\/uj.adatbank.ro\/lexikon\/wp-json\/wp\/v2\/comments?post=11001"}],"wp:attachment":[{"href":"https:\/\/uj.adatbank.ro\/lexikon\/wp-json\/wp\/v2\/media?parent=11001"}],"wp:term":[{"taxonomy":"product_brand","embeddable":true,"href":"https:\/\/uj.adatbank.ro\/lexikon\/wp-json\/wp\/v2\/product_brand?post=11001"},{"taxonomy":"product_cat","embeddable":true,"href":"https:\/\/uj.adatbank.ro\/lexikon\/wp-json\/wp\/v2\/product_cat?post=11001"},{"taxonomy":"product_tag","embeddable":true,"href":"https:\/\/uj.adatbank.ro\/lexikon\/wp-json\/wp\/v2\/product_tag?post=11001"}],"curies":[{"name":"wp","href":"https:\/\/api.w.org\/{rel}","templated":true}]}}