{"id":11005,"date":"2025-06-29T13:38:49","date_gmt":"2025-06-29T11:38:49","guid":{"rendered":"https:\/\/uj.adatbank.ro\/lexikon\/termek\/kacso-domokos\/"},"modified":"2025-06-29T13:38:49","modified_gmt":"2025-06-29T11:38:49","slug":"kacso-domokos","status":"publish","type":"product","link":"https:\/\/uj.adatbank.ro\/lexikon\/termek\/kacso-domokos\/","title":{"rendered":"KACS\u00d3 Domokos"},"content":{"rendered":"<p>1924 ? \u2020 Mv., 1991. \u00e1pr. 1.: tan\u00e1r. \u2013 A mv.-i Bolyai L\u00edc.-ban tan\u00edtott. <br \/><strong>Irod.:<\/strong> : [Nekrol\u00f3g] (N\u00fa., 1991. \u00e1pr. 3.)<\/br><\/p>\n","protected":false},"excerpt":{"rendered":"<p>1924 ? \u2020 Mv., 1991. \u00e1pr. 1.: tan\u00e1r. \u2013 A mv.-i Bolyai L\u00edc.-ban tan\u00edtott. Irod.: : [Nekrol\u00f3g] (N\u00fa., 1991. \u00e1pr. 3.)<\/p>\n","protected":false},"featured_media":0,"comment_status":"open","ping_status":"closed","template":"","meta":[],"product_brand":[],"product_cat":[137],"product_tag":[],"class_list":{"0":"post-11005","1":"product","2":"type-product","3":"status-publish","5":"product_cat-maros-megyei-eletrajzi-lexikon","7":"first","8":"instock","9":"shipping-taxable","10":"product-type-simple"},"_links":{"self":[{"href":"https:\/\/uj.adatbank.ro\/lexikon\/wp-json\/wp\/v2\/product\/11005","targetHints":{"allow":["GET"]}}],"collection":[{"href":"https:\/\/uj.adatbank.ro\/lexikon\/wp-json\/wp\/v2\/product"}],"about":[{"href":"https:\/\/uj.adatbank.ro\/lexikon\/wp-json\/wp\/v2\/types\/product"}],"replies":[{"embeddable":true,"href":"https:\/\/uj.adatbank.ro\/lexikon\/wp-json\/wp\/v2\/comments?post=11005"}],"wp:attachment":[{"href":"https:\/\/uj.adatbank.ro\/lexikon\/wp-json\/wp\/v2\/media?parent=11005"}],"wp:term":[{"taxonomy":"product_brand","embeddable":true,"href":"https:\/\/uj.adatbank.ro\/lexikon\/wp-json\/wp\/v2\/product_brand?post=11005"},{"taxonomy":"product_cat","embeddable":true,"href":"https:\/\/uj.adatbank.ro\/lexikon\/wp-json\/wp\/v2\/product_cat?post=11005"},{"taxonomy":"product_tag","embeddable":true,"href":"https:\/\/uj.adatbank.ro\/lexikon\/wp-json\/wp\/v2\/product_tag?post=11005"}],"curies":[{"name":"wp","href":"https:\/\/api.w.org\/{rel}","templated":true}]}}