{"id":11007,"date":"2025-06-29T13:38:54","date_gmt":"2025-06-29T11:38:54","guid":{"rendered":"https:\/\/uj.adatbank.ro\/lexikon\/termek\/kacso-ferenc-2\/"},"modified":"2025-06-29T13:38:54","modified_gmt":"2025-06-29T11:38:54","slug":"kacso-ferenc-2","status":"publish","type":"product","link":"https:\/\/uj.adatbank.ro\/lexikon\/termek\/kacso-ferenc-2\/","title":{"rendered":"KACS\u00d3 Ferenc"},"content":{"rendered":"<p>Sz\u00e9kelyhodos, 1918 \u2020 ? : felekezeti tan\u00edt\u00f3. \u2013 Iskol\u00e1it Sz\u00e1szr\u00e9genben, K\u00e9zdiv\u00e1s\u00e1rhelyen \u00e9s Mv.-en v\u00e9gezte. Gy\u00edmesk\u00f6z\u00e9plokon kezdte p\u00e1ly\u00e1j\u00e1t (1939\u2013); Sz\u00e9kelyb\u0151n tan\u00edtott (1940\u2013). <br \/><strong>Irod.:<\/strong> Sz\u00e9kelyf\u00f6ld \u00ed. k.<\/br><\/p>\n","protected":false},"excerpt":{"rendered":"<p>Sz\u00e9kelyhodos, 1918 \u2020 ? : felekezeti tan\u00edt\u00f3. \u2013 Iskol\u00e1it Sz\u00e1szr\u00e9genben, K\u00e9zdiv\u00e1s\u00e1rhelyen \u00e9s Mv.-en v\u00e9gezte. Gy\u00edmesk\u00f6z\u00e9plokon kezdte p\u00e1ly\u00e1j\u00e1t (1939\u2013); Sz\u00e9kelyb\u0151n tan\u00edtott (1940\u2013). Irod.: Sz\u00e9kelyf\u00f6ld \u00ed. k.<\/p>\n","protected":false},"featured_media":0,"comment_status":"open","ping_status":"closed","template":"","meta":[],"product_brand":[],"product_cat":[137],"product_tag":[],"class_list":{"0":"post-11007","1":"product","2":"type-product","3":"status-publish","5":"product_cat-maros-megyei-eletrajzi-lexikon","7":"first","8":"instock","9":"shipping-taxable","10":"product-type-simple"},"_links":{"self":[{"href":"https:\/\/uj.adatbank.ro\/lexikon\/wp-json\/wp\/v2\/product\/11007","targetHints":{"allow":["GET"]}}],"collection":[{"href":"https:\/\/uj.adatbank.ro\/lexikon\/wp-json\/wp\/v2\/product"}],"about":[{"href":"https:\/\/uj.adatbank.ro\/lexikon\/wp-json\/wp\/v2\/types\/product"}],"replies":[{"embeddable":true,"href":"https:\/\/uj.adatbank.ro\/lexikon\/wp-json\/wp\/v2\/comments?post=11007"}],"wp:attachment":[{"href":"https:\/\/uj.adatbank.ro\/lexikon\/wp-json\/wp\/v2\/media?parent=11007"}],"wp:term":[{"taxonomy":"product_brand","embeddable":true,"href":"https:\/\/uj.adatbank.ro\/lexikon\/wp-json\/wp\/v2\/product_brand?post=11007"},{"taxonomy":"product_cat","embeddable":true,"href":"https:\/\/uj.adatbank.ro\/lexikon\/wp-json\/wp\/v2\/product_cat?post=11007"},{"taxonomy":"product_tag","embeddable":true,"href":"https:\/\/uj.adatbank.ro\/lexikon\/wp-json\/wp\/v2\/product_tag?post=11007"}],"curies":[{"name":"wp","href":"https:\/\/api.w.org\/{rel}","templated":true}]}}