{"id":11009,"date":"2025-06-29T13:38:57","date_gmt":"2025-06-29T11:38:57","guid":{"rendered":"https:\/\/uj.adatbank.ro\/lexikon\/termek\/kacso-ferenc-selyei-2\/"},"modified":"2025-06-29T13:38:57","modified_gmt":"2025-06-29T11:38:57","slug":"kacso-ferenc-selyei-2","status":"publish","type":"product","link":"https:\/\/uj.adatbank.ro\/lexikon\/termek\/kacso-ferenc-selyei-2\/","title":{"rendered":"KACS\u00d3 Ferenc, selyei"},"content":{"rendered":"<p>? \u2020 ? : lakatosmester. \u2013 Sportszerepl\u00e9s\u00e9t, mint a mv.-i MTE alap\u00edt\u00f3 \u00e9s vezet\u0151s\u00e9gi tagja kezdte (1911). Egyes\u00fclet\u00e9nek \u00e9vtizedeken kereszt\u00fcl int\u00e9z\u0151je, titk\u00e1ra majd eln\u00f6ke volt. Az \u00f6k\u00f6lv\u00edv\u00f3 \u00e9s b\u00edrkoz\u00f3 szakoszt\u00e1lynak \u00fcgyv. aleln\u00f6ke lett. Mv.-en b\u00edr\u00f3i vizsg\u00e1t tett (1941). A mv.-i sport\u00e9letben megszak\u00edt\u00e1s n\u00e9lk\u00fcl dolgozott t\u00f6bb mint 30 \u00e9vet. <br \/><strong>Irod.:<\/strong> Pluh\u00e1r; K\u00f6zlem\u00e9nyek a cs. k. 62. gyalogezred t\u00f6rt\u00e9net\u00e9b\u0151l (Mv., s. a.)<\/br><\/p>\n","protected":false},"excerpt":{"rendered":"<p>? \u2020 ? : lakatosmester. \u2013 Sportszerepl\u00e9s\u00e9t, mint a mv.-i MTE alap\u00edt\u00f3 \u00e9s vezet\u0151s\u00e9gi tagja kezdte (1911). Egyes\u00fclet\u00e9nek \u00e9vtizedeken kereszt\u00fcl int\u00e9z\u0151je, titk\u00e1ra majd eln\u00f6ke volt. Az \u00f6k\u00f6lv\u00edv\u00f3 \u00e9s b\u00edrkoz\u00f3 szakoszt\u00e1lynak \u00fcgyv. aleln\u00f6ke lett. Mv.-en b\u00edr\u00f3i vizsg\u00e1t tett (1941). A mv.-i sport\u00e9letben megszak\u00edt\u00e1s n\u00e9lk\u00fcl dolgozott t\u00f6bb mint 30 \u00e9vet. Irod.: Pluh\u00e1r; K\u00f6zlem\u00e9nyek a cs. k. 62. [&hellip;]<\/p>\n","protected":false},"featured_media":0,"comment_status":"open","ping_status":"closed","template":"","meta":[],"product_brand":[],"product_cat":[137],"product_tag":[],"class_list":{"0":"post-11009","1":"product","2":"type-product","3":"status-publish","5":"product_cat-maros-megyei-eletrajzi-lexikon","7":"first","8":"instock","9":"shipping-taxable","10":"product-type-simple"},"_links":{"self":[{"href":"https:\/\/uj.adatbank.ro\/lexikon\/wp-json\/wp\/v2\/product\/11009","targetHints":{"allow":["GET"]}}],"collection":[{"href":"https:\/\/uj.adatbank.ro\/lexikon\/wp-json\/wp\/v2\/product"}],"about":[{"href":"https:\/\/uj.adatbank.ro\/lexikon\/wp-json\/wp\/v2\/types\/product"}],"replies":[{"embeddable":true,"href":"https:\/\/uj.adatbank.ro\/lexikon\/wp-json\/wp\/v2\/comments?post=11009"}],"wp:attachment":[{"href":"https:\/\/uj.adatbank.ro\/lexikon\/wp-json\/wp\/v2\/media?parent=11009"}],"wp:term":[{"taxonomy":"product_brand","embeddable":true,"href":"https:\/\/uj.adatbank.ro\/lexikon\/wp-json\/wp\/v2\/product_brand?post=11009"},{"taxonomy":"product_cat","embeddable":true,"href":"https:\/\/uj.adatbank.ro\/lexikon\/wp-json\/wp\/v2\/product_cat?post=11009"},{"taxonomy":"product_tag","embeddable":true,"href":"https:\/\/uj.adatbank.ro\/lexikon\/wp-json\/wp\/v2\/product_tag?post=11009"}],"curies":[{"name":"wp","href":"https:\/\/api.w.org\/{rel}","templated":true}]}}