{"id":11010,"date":"2025-06-29T13:38:59","date_gmt":"2025-06-29T11:38:59","guid":{"rendered":"https:\/\/uj.adatbank.ro\/lexikon\/termek\/kacso-gabor\/"},"modified":"2025-06-29T13:38:59","modified_gmt":"2025-06-29T11:38:59","slug":"kacso-gabor","status":"publish","type":"product","link":"https:\/\/uj.adatbank.ro\/lexikon\/termek\/kacso-gabor\/","title":{"rendered":"KACS\u00d3 G\u00e1bor"},"content":{"rendered":"<p>Szentgerice, 1899., \u2020 ? : f\u00f6ldm\u0171ves. \u2013 Iskol\u00e1it sz\u00fcl\u0151faluj\u00e1ban v\u00e9gezte majd a gazd\u00e1lkod\u00e1st tanulta. \u00d6n\u00e1ll\u00f3an gazd\u00e1lkodott (1919\u2013); k\u00f6zs\u00e9gi b\u00edr\u00f3; a Hitelsz\u00f6vetkezet igazgat\u00f3s\u00e1gi tagja, a Hangya ottani eln\u00f6ke; a MP tagja. <br \/><strong>Irod.:<\/strong> Sz\u00e9kelyfold. \u00ed k.<\/br><\/p>\n","protected":false},"excerpt":{"rendered":"<p>Szentgerice, 1899., \u2020 ? : f\u00f6ldm\u0171ves. \u2013 Iskol\u00e1it sz\u00fcl\u0151faluj\u00e1ban v\u00e9gezte majd a gazd\u00e1lkod\u00e1st tanulta. \u00d6n\u00e1ll\u00f3an gazd\u00e1lkodott (1919\u2013); k\u00f6zs\u00e9gi b\u00edr\u00f3; a Hitelsz\u00f6vetkezet igazgat\u00f3s\u00e1gi tagja, a Hangya ottani eln\u00f6ke; a MP tagja. Irod.: Sz\u00e9kelyfold. \u00ed k.<\/p>\n","protected":false},"featured_media":0,"comment_status":"open","ping_status":"closed","template":"","meta":[],"product_brand":[],"product_cat":[137],"product_tag":[],"class_list":{"0":"post-11010","1":"product","2":"type-product","3":"status-publish","5":"product_cat-maros-megyei-eletrajzi-lexikon","7":"first","8":"instock","9":"shipping-taxable","10":"product-type-simple"},"_links":{"self":[{"href":"https:\/\/uj.adatbank.ro\/lexikon\/wp-json\/wp\/v2\/product\/11010","targetHints":{"allow":["GET"]}}],"collection":[{"href":"https:\/\/uj.adatbank.ro\/lexikon\/wp-json\/wp\/v2\/product"}],"about":[{"href":"https:\/\/uj.adatbank.ro\/lexikon\/wp-json\/wp\/v2\/types\/product"}],"replies":[{"embeddable":true,"href":"https:\/\/uj.adatbank.ro\/lexikon\/wp-json\/wp\/v2\/comments?post=11010"}],"wp:attachment":[{"href":"https:\/\/uj.adatbank.ro\/lexikon\/wp-json\/wp\/v2\/media?parent=11010"}],"wp:term":[{"taxonomy":"product_brand","embeddable":true,"href":"https:\/\/uj.adatbank.ro\/lexikon\/wp-json\/wp\/v2\/product_brand?post=11010"},{"taxonomy":"product_cat","embeddable":true,"href":"https:\/\/uj.adatbank.ro\/lexikon\/wp-json\/wp\/v2\/product_cat?post=11010"},{"taxonomy":"product_tag","embeddable":true,"href":"https:\/\/uj.adatbank.ro\/lexikon\/wp-json\/wp\/v2\/product_tag?post=11010"}],"curies":[{"name":"wp","href":"https:\/\/api.w.org\/{rel}","templated":true}]}}