{"id":11012,"date":"2025-06-29T13:39:03","date_gmt":"2025-06-29T11:39:03","guid":{"rendered":"https:\/\/uj.adatbank.ro\/lexikon\/termek\/kacso-gabor-selyei\/"},"modified":"2025-06-29T13:39:03","modified_gmt":"2025-06-29T11:39:03","slug":"kacso-gabor-selyei","status":"publish","type":"product","link":"https:\/\/uj.adatbank.ro\/lexikon\/termek\/kacso-gabor-selyei\/","title":{"rendered":"KACS\u00d3 G\u00e1bor, selyei"},"content":{"rendered":"<p>1815.? \u2020 Mez\u0151fele, 1887. m\u00e1rc. 30.: Jegyz\u0151, p\u00e9nzt\u00e1ri ellen\u0151r. \u2013 Feles\u00e9ge: Jakab Zsuzs\u00e1nna. Gyermekeik: Gizella Farkas K\u00e1rolyn\u00e9; B\u00e9la; G\u00e1bor; Jol\u00e1n Vir\u00e1g K\u00e1rolyn\u00e9. \u2013 Mez\u0151fel\u00e9ben a k\u00f6zs\u00e9g jegyz\u0151jek\u00e9nt r\u00e9szt vett Pesty Frigyes eg\u00e9sz Mo.-ra \u00e9s Erd\u00e9lyre kiterjedt helyn\u00e9vgy\u0171jt\u00e9s\u00e9ben (1864\u201365). Marostordamgye p\u00e9nzt\u00e1ri ellen\u0151re. <br \/><strong>Irod.:<\/strong> Gy\u00e1szjelent\u0151; Pesty 2014<\/br><\/p>\n","protected":false},"excerpt":{"rendered":"<p>1815.? \u2020 Mez\u0151fele, 1887. m\u00e1rc. 30.: Jegyz\u0151, p\u00e9nzt\u00e1ri ellen\u0151r. \u2013 Feles\u00e9ge: Jakab Zsuzs\u00e1nna. Gyermekeik: Gizella Farkas K\u00e1rolyn\u00e9; B\u00e9la; G\u00e1bor; Jol\u00e1n Vir\u00e1g K\u00e1rolyn\u00e9. \u2013 Mez\u0151fel\u00e9ben a k\u00f6zs\u00e9g jegyz\u0151jek\u00e9nt r\u00e9szt vett Pesty Frigyes eg\u00e9sz Mo.-ra \u00e9s Erd\u00e9lyre kiterjedt helyn\u00e9vgy\u0171jt\u00e9s\u00e9ben (1864\u201365). Marostordamgye p\u00e9nzt\u00e1ri ellen\u0151re. Irod.: Gy\u00e1szjelent\u0151; Pesty 2014<\/p>\n","protected":false},"featured_media":0,"comment_status":"open","ping_status":"closed","template":"","meta":[],"product_brand":[],"product_cat":[137],"product_tag":[],"class_list":{"0":"post-11012","1":"product","2":"type-product","3":"status-publish","5":"product_cat-maros-megyei-eletrajzi-lexikon","7":"first","8":"instock","9":"shipping-taxable","10":"product-type-simple"},"_links":{"self":[{"href":"https:\/\/uj.adatbank.ro\/lexikon\/wp-json\/wp\/v2\/product\/11012","targetHints":{"allow":["GET"]}}],"collection":[{"href":"https:\/\/uj.adatbank.ro\/lexikon\/wp-json\/wp\/v2\/product"}],"about":[{"href":"https:\/\/uj.adatbank.ro\/lexikon\/wp-json\/wp\/v2\/types\/product"}],"replies":[{"embeddable":true,"href":"https:\/\/uj.adatbank.ro\/lexikon\/wp-json\/wp\/v2\/comments?post=11012"}],"wp:attachment":[{"href":"https:\/\/uj.adatbank.ro\/lexikon\/wp-json\/wp\/v2\/media?parent=11012"}],"wp:term":[{"taxonomy":"product_brand","embeddable":true,"href":"https:\/\/uj.adatbank.ro\/lexikon\/wp-json\/wp\/v2\/product_brand?post=11012"},{"taxonomy":"product_cat","embeddable":true,"href":"https:\/\/uj.adatbank.ro\/lexikon\/wp-json\/wp\/v2\/product_cat?post=11012"},{"taxonomy":"product_tag","embeddable":true,"href":"https:\/\/uj.adatbank.ro\/lexikon\/wp-json\/wp\/v2\/product_tag?post=11012"}],"curies":[{"name":"wp","href":"https:\/\/api.w.org\/{rel}","templated":true}]}}