{"id":11016,"date":"2025-06-29T13:39:11","date_gmt":"2025-06-29T11:39:11","guid":{"rendered":"https:\/\/uj.adatbank.ro\/lexikon\/termek\/kacso-istvan-attila\/"},"modified":"2025-06-29T13:39:11","modified_gmt":"2025-06-29T11:39:11","slug":"kacso-istvan-attila","status":"publish","type":"product","link":"https:\/\/uj.adatbank.ro\/lexikon\/termek\/kacso-istvan-attila\/","title":{"rendered":"KACS\u00d3 Istv\u00e1n Attila"},"content":{"rendered":"<p>Mv., 1952. \u2020 ? : grafikus, -Mv., 1952. -A K\u00e9pz\u0151m\u0171v\u00e9szeti F\u0151iskol\u00e1n v\u00e9gzett. T\u00f6bb ki\u00e1ll1t\u00e1sa volt Erd\u00e9lyben. Mo.-ra k\u00f6lt\u00f6z\u00f6tt (1984). <br \/><strong>Irod.:<\/strong> Szab\u00f3\u2013K\u00e1llai<\/br><\/p>\n","protected":false},"excerpt":{"rendered":"<p>Mv., 1952. \u2020 ? : grafikus, -Mv., 1952. -A K\u00e9pz\u0151m\u0171v\u00e9szeti F\u0151iskol\u00e1n v\u00e9gzett. T\u00f6bb ki\u00e1ll1t\u00e1sa volt Erd\u00e9lyben. Mo.-ra k\u00f6lt\u00f6z\u00f6tt (1984). Irod.: Szab\u00f3\u2013K\u00e1llai<\/p>\n","protected":false},"featured_media":0,"comment_status":"open","ping_status":"closed","template":"","meta":[],"product_brand":[],"product_cat":[137],"product_tag":[],"class_list":{"0":"post-11016","1":"product","2":"type-product","3":"status-publish","5":"product_cat-maros-megyei-eletrajzi-lexikon","7":"first","8":"instock","9":"shipping-taxable","10":"product-type-simple"},"_links":{"self":[{"href":"https:\/\/uj.adatbank.ro\/lexikon\/wp-json\/wp\/v2\/product\/11016","targetHints":{"allow":["GET"]}}],"collection":[{"href":"https:\/\/uj.adatbank.ro\/lexikon\/wp-json\/wp\/v2\/product"}],"about":[{"href":"https:\/\/uj.adatbank.ro\/lexikon\/wp-json\/wp\/v2\/types\/product"}],"replies":[{"embeddable":true,"href":"https:\/\/uj.adatbank.ro\/lexikon\/wp-json\/wp\/v2\/comments?post=11016"}],"wp:attachment":[{"href":"https:\/\/uj.adatbank.ro\/lexikon\/wp-json\/wp\/v2\/media?parent=11016"}],"wp:term":[{"taxonomy":"product_brand","embeddable":true,"href":"https:\/\/uj.adatbank.ro\/lexikon\/wp-json\/wp\/v2\/product_brand?post=11016"},{"taxonomy":"product_cat","embeddable":true,"href":"https:\/\/uj.adatbank.ro\/lexikon\/wp-json\/wp\/v2\/product_cat?post=11016"},{"taxonomy":"product_tag","embeddable":true,"href":"https:\/\/uj.adatbank.ro\/lexikon\/wp-json\/wp\/v2\/product_tag?post=11016"}],"curies":[{"name":"wp","href":"https:\/\/api.w.org\/{rel}","templated":true}]}}