{"id":11017,"date":"2025-06-29T13:39:14","date_gmt":"2025-06-29T11:39:14","guid":{"rendered":"https:\/\/uj.adatbank.ro\/lexikon\/termek\/kacso-istvan-katso-istvan\/"},"modified":"2025-06-29T13:39:14","modified_gmt":"2025-06-29T11:39:14","slug":"kacso-istvan-katso-istvan","status":"publish","type":"product","link":"https:\/\/uj.adatbank.ro\/lexikon\/termek\/kacso-istvan-katso-istvan\/","title":{"rendered":"KACS\u00d3 Istv\u00e1n, Kats\u00f3 Istv\u00e1n"},"content":{"rendered":"<p>? \u2020 Ny\u00e1r\u00e1dszentbenedek, 1767: ref. lelk\u00e9sz. \u2013 K\u00fclf\u00f6ld\u00f6n tanult akad\u00e9mita. Ny\u00e1r\u00e1dszentann\u00e1n mester (1748), Ny\u00e1r\u00e1dszentbenedeken lelk\u00e9sz. Mv-en v\u00e1rtemplomi seg\u00e9dlelk\u00e9sz (1760\u201367). Mv.-r\u0151l \u00e1thelyezt\u00e9k a berekereszt\u00fari gy\u00fclekezethez. <br \/><strong>Irod.:<\/strong> Imreh Barna; A mv.-i ref. egyh\u00e1z (1727\u2013) anyak\u00f6nyve [k\u00e9zirat]; Id\u0151t\u00e1r 1; Ny\u00e1r\u00e1dszentbenedek; V\u00e1rtemplomi lelk\u00e9szek n\u00e9vsora, 1571\u20132000 (\u00daj Kezdet, 2. sz., 2000)<\/br><\/p>\n","protected":false},"excerpt":{"rendered":"<p>? \u2020 Ny\u00e1r\u00e1dszentbenedek, 1767: ref. lelk\u00e9sz. \u2013 K\u00fclf\u00f6ld\u00f6n tanult akad\u00e9mita. Ny\u00e1r\u00e1dszentann\u00e1n mester (1748), Ny\u00e1r\u00e1dszentbenedeken lelk\u00e9sz. Mv-en v\u00e1rtemplomi seg\u00e9dlelk\u00e9sz (1760\u201367). Mv.-r\u0151l \u00e1thelyezt\u00e9k a berekereszt\u00fari gy\u00fclekezethez. Irod.: Imreh Barna; A mv.-i ref. egyh\u00e1z (1727\u2013) anyak\u00f6nyve [k\u00e9zirat]; Id\u0151t\u00e1r 1; Ny\u00e1r\u00e1dszentbenedek; V\u00e1rtemplomi lelk\u00e9szek n\u00e9vsora, 1571\u20132000 (\u00daj Kezdet, 2. sz., 2000)<\/p>\n","protected":false},"featured_media":0,"comment_status":"open","ping_status":"closed","template":"","meta":[],"product_brand":[],"product_cat":[137],"product_tag":[],"class_list":{"0":"post-11017","1":"product","2":"type-product","3":"status-publish","5":"product_cat-maros-megyei-eletrajzi-lexikon","7":"first","8":"instock","9":"shipping-taxable","10":"product-type-simple"},"_links":{"self":[{"href":"https:\/\/uj.adatbank.ro\/lexikon\/wp-json\/wp\/v2\/product\/11017","targetHints":{"allow":["GET"]}}],"collection":[{"href":"https:\/\/uj.adatbank.ro\/lexikon\/wp-json\/wp\/v2\/product"}],"about":[{"href":"https:\/\/uj.adatbank.ro\/lexikon\/wp-json\/wp\/v2\/types\/product"}],"replies":[{"embeddable":true,"href":"https:\/\/uj.adatbank.ro\/lexikon\/wp-json\/wp\/v2\/comments?post=11017"}],"wp:attachment":[{"href":"https:\/\/uj.adatbank.ro\/lexikon\/wp-json\/wp\/v2\/media?parent=11017"}],"wp:term":[{"taxonomy":"product_brand","embeddable":true,"href":"https:\/\/uj.adatbank.ro\/lexikon\/wp-json\/wp\/v2\/product_brand?post=11017"},{"taxonomy":"product_cat","embeddable":true,"href":"https:\/\/uj.adatbank.ro\/lexikon\/wp-json\/wp\/v2\/product_cat?post=11017"},{"taxonomy":"product_tag","embeddable":true,"href":"https:\/\/uj.adatbank.ro\/lexikon\/wp-json\/wp\/v2\/product_tag?post=11017"}],"curies":[{"name":"wp","href":"https:\/\/api.w.org\/{rel}","templated":true}]}}