{"id":11021,"date":"2025-06-29T13:39:21","date_gmt":"2025-06-29T11:39:21","guid":{"rendered":"https:\/\/uj.adatbank.ro\/lexikon\/termek\/kacso-karoly-2\/"},"modified":"2025-06-29T13:39:21","modified_gmt":"2025-06-29T11:39:21","slug":"kacso-karoly-2","status":"publish","type":"product","link":"https:\/\/uj.adatbank.ro\/lexikon\/termek\/kacso-karoly-2\/","title":{"rendered":"KACS\u00d3 K\u00e1roly"},"content":{"rendered":"<p>Sz\u00e9kelybere, 1902. aug. 7., \u2020 ?: gazd\u00e1lkod\u00f3. \u2013 Vasl\u00e1bon volt gazd\u00e1lkod\u00f3. Letart\u00f3ztatt\u00e1k (1959. j\u00fan. 16.) \u00e9s egy 21 tag\u00fa jehovista csoporttal a t\u00e1rsadalmi rend elleni tev\u00e9kenys\u00e9g \u00e9s titkos iratok terjeszt\u00e9se v\u00e1dj\u00e1val \u00e1ll\u00edtott\u00e1k b\u00edr\u00f3s\u00e1g el\u00e9. <br \/><strong>Irod.:<\/strong> 1956 Erd\u00e9lyben<\/br><\/p>\n","protected":false},"excerpt":{"rendered":"<p>Sz\u00e9kelybere, 1902. aug. 7., \u2020 ?: gazd\u00e1lkod\u00f3. \u2013 Vasl\u00e1bon volt gazd\u00e1lkod\u00f3. Letart\u00f3ztatt\u00e1k (1959. j\u00fan. 16.) \u00e9s egy 21 tag\u00fa jehovista csoporttal a t\u00e1rsadalmi rend elleni tev\u00e9kenys\u00e9g \u00e9s titkos iratok terjeszt\u00e9se v\u00e1dj\u00e1val \u00e1ll\u00edtott\u00e1k b\u00edr\u00f3s\u00e1g el\u00e9. Irod.: 1956 Erd\u00e9lyben<\/p>\n","protected":false},"featured_media":0,"comment_status":"open","ping_status":"closed","template":"","meta":[],"product_brand":[],"product_cat":[137],"product_tag":[],"class_list":{"0":"post-11021","1":"product","2":"type-product","3":"status-publish","5":"product_cat-maros-megyei-eletrajzi-lexikon","7":"first","8":"instock","9":"shipping-taxable","10":"product-type-simple"},"_links":{"self":[{"href":"https:\/\/uj.adatbank.ro\/lexikon\/wp-json\/wp\/v2\/product\/11021","targetHints":{"allow":["GET"]}}],"collection":[{"href":"https:\/\/uj.adatbank.ro\/lexikon\/wp-json\/wp\/v2\/product"}],"about":[{"href":"https:\/\/uj.adatbank.ro\/lexikon\/wp-json\/wp\/v2\/types\/product"}],"replies":[{"embeddable":true,"href":"https:\/\/uj.adatbank.ro\/lexikon\/wp-json\/wp\/v2\/comments?post=11021"}],"wp:attachment":[{"href":"https:\/\/uj.adatbank.ro\/lexikon\/wp-json\/wp\/v2\/media?parent=11021"}],"wp:term":[{"taxonomy":"product_brand","embeddable":true,"href":"https:\/\/uj.adatbank.ro\/lexikon\/wp-json\/wp\/v2\/product_brand?post=11021"},{"taxonomy":"product_cat","embeddable":true,"href":"https:\/\/uj.adatbank.ro\/lexikon\/wp-json\/wp\/v2\/product_cat?post=11021"},{"taxonomy":"product_tag","embeddable":true,"href":"https:\/\/uj.adatbank.ro\/lexikon\/wp-json\/wp\/v2\/product_tag?post=11021"}],"curies":[{"name":"wp","href":"https:\/\/api.w.org\/{rel}","templated":true}]}}