{"id":11023,"date":"2025-06-29T13:39:24","date_gmt":"2025-06-29T11:39:24","guid":{"rendered":"https:\/\/uj.adatbank.ro\/lexikon\/termek\/kacso-karoly-kendoi\/"},"modified":"2025-06-29T13:39:24","modified_gmt":"2025-06-29T11:39:24","slug":"kacso-karoly-kendoi","status":"publish","type":"product","link":"https:\/\/uj.adatbank.ro\/lexikon\/termek\/kacso-karoly-kendoi\/","title":{"rendered":"KACS\u00d3 K\u00e1roly, kend\u0151i"},"content":{"rendered":"<p>Kend\u0151, 1891., \u2020 Szov\u00e1ta, 1982. nov. 27. nyugszik a p\u00f3kakereszt\u00fari temet\u0151ben: ref. lelk\u00e9sz. \u2013 Tanulm\u00e1nyait Mv.-en \u00e9s Kv.-on v\u00e9gezte, ahol papp\u00e1 szentelt\u00e9k (1914). P\u00f3kakereszt\u00faron v\u00e1lasztott\u00e1k meg lelk\u00e9sznek (1922\u2013). A vh.-ban az orosz majd az olasz fronton harcolt, kit\u00fcntett\u00e9k. Innen tov\u00e1bb nincsenek adataim csak a szov\u00e1tai hal\u00e1l <br \/><strong>Irod.:<\/strong> Sz\u00e9kelyf\u00f6ld \u00ed. k.; [Nekrol\u00f3g] (V. Z., 1982. nov. 28.)<\/br><\/p>\n","protected":false},"excerpt":{"rendered":"<p>Kend\u0151, 1891., \u2020 Szov\u00e1ta, 1982. nov. 27. nyugszik a p\u00f3kakereszt\u00fari temet\u0151ben: ref. lelk\u00e9sz. \u2013 Tanulm\u00e1nyait Mv.-en \u00e9s Kv.-on v\u00e9gezte, ahol papp\u00e1 szentelt\u00e9k (1914). P\u00f3kakereszt\u00faron v\u00e1lasztott\u00e1k meg lelk\u00e9sznek (1922\u2013). A vh.-ban az orosz majd az olasz fronton harcolt, kit\u00fcntett\u00e9k. Innen tov\u00e1bb nincsenek adataim csak a szov\u00e1tai hal\u00e1l Irod.: Sz\u00e9kelyf\u00f6ld \u00ed. k.; [Nekrol\u00f3g] (V. Z., 1982. nov. [&hellip;]<\/p>\n","protected":false},"featured_media":0,"comment_status":"open","ping_status":"closed","template":"","meta":[],"product_brand":[],"product_cat":[137],"product_tag":[],"class_list":{"0":"post-11023","1":"product","2":"type-product","3":"status-publish","5":"product_cat-maros-megyei-eletrajzi-lexikon","7":"first","8":"instock","9":"shipping-taxable","10":"product-type-simple"},"_links":{"self":[{"href":"https:\/\/uj.adatbank.ro\/lexikon\/wp-json\/wp\/v2\/product\/11023","targetHints":{"allow":["GET"]}}],"collection":[{"href":"https:\/\/uj.adatbank.ro\/lexikon\/wp-json\/wp\/v2\/product"}],"about":[{"href":"https:\/\/uj.adatbank.ro\/lexikon\/wp-json\/wp\/v2\/types\/product"}],"replies":[{"embeddable":true,"href":"https:\/\/uj.adatbank.ro\/lexikon\/wp-json\/wp\/v2\/comments?post=11023"}],"wp:attachment":[{"href":"https:\/\/uj.adatbank.ro\/lexikon\/wp-json\/wp\/v2\/media?parent=11023"}],"wp:term":[{"taxonomy":"product_brand","embeddable":true,"href":"https:\/\/uj.adatbank.ro\/lexikon\/wp-json\/wp\/v2\/product_brand?post=11023"},{"taxonomy":"product_cat","embeddable":true,"href":"https:\/\/uj.adatbank.ro\/lexikon\/wp-json\/wp\/v2\/product_cat?post=11023"},{"taxonomy":"product_tag","embeddable":true,"href":"https:\/\/uj.adatbank.ro\/lexikon\/wp-json\/wp\/v2\/product_tag?post=11023"}],"curies":[{"name":"wp","href":"https:\/\/api.w.org\/{rel}","templated":true}]}}