{"id":11025,"date":"2025-06-29T13:39:27","date_gmt":"2025-06-29T11:39:27","guid":{"rendered":"https:\/\/uj.adatbank.ro\/lexikon\/termek\/kacso-lajos-nyaradselyei-2\/"},"modified":"2025-06-29T13:39:27","modified_gmt":"2025-06-29T11:39:27","slug":"kacso-lajos-nyaradselyei-2","status":"publish","type":"product","link":"https:\/\/uj.adatbank.ro\/lexikon\/termek\/kacso-lajos-nyaradselyei-2\/","title":{"rendered":"KACS\u00d3 Lajos, ny\u00e1r\u00e1dselyei"},"content":{"rendered":"<p>B\u00f6z\u00f6d, 1902., \u2020 ? : jegyz\u0151. \u2013 Sz\u00e9kely nemes csal\u00e1db\u00f3l sz\u00e1rmazott, a csal\u00e1d az 1400 as \u00e9vekben kapott nemesi levelet. Tanulm\u00e1nyait Sz\u00e9kelykereszt\u00faron v\u00e9gezte, ipari p\u00e1ly\u00e1ra l\u00e9pett, majd a k\u00f6zigazgat\u00e1sban dolgozott (1935\u2013): volt k\u00f6zs\u00e9gi p\u00e9nzt\u00e1rnok, seg\u00e9djegyz\u0151. Saj\u00e1t 54 holdas f\u00f6ldj\u00e9n korszer\u0171 belterjes gazd\u00e1lkod\u00e1st folytatott, haszon\u00e1llatok nevel\u00e9s\u00e9vel is foglalkozott. <br \/><strong>Irod.:<\/strong> Sz\u00e9kelyf\u00f6ld \u00ed. k.<\/br><\/p>\n","protected":false},"excerpt":{"rendered":"<p>B\u00f6z\u00f6d, 1902., \u2020 ? : jegyz\u0151. \u2013 Sz\u00e9kely nemes csal\u00e1db\u00f3l sz\u00e1rmazott, a csal\u00e1d az 1400 as \u00e9vekben kapott nemesi levelet. Tanulm\u00e1nyait Sz\u00e9kelykereszt\u00faron v\u00e9gezte, ipari p\u00e1ly\u00e1ra l\u00e9pett, majd a k\u00f6zigazgat\u00e1sban dolgozott (1935\u2013): volt k\u00f6zs\u00e9gi p\u00e9nzt\u00e1rnok, seg\u00e9djegyz\u0151. Saj\u00e1t 54 holdas f\u00f6ldj\u00e9n korszer\u0171 belterjes gazd\u00e1lkod\u00e1st folytatott, haszon\u00e1llatok nevel\u00e9s\u00e9vel is foglalkozott. Irod.: Sz\u00e9kelyf\u00f6ld \u00ed. k.<\/p>\n","protected":false},"featured_media":0,"comment_status":"open","ping_status":"closed","template":"","meta":[],"product_brand":[],"product_cat":[137],"product_tag":[],"class_list":{"0":"post-11025","1":"product","2":"type-product","3":"status-publish","5":"product_cat-maros-megyei-eletrajzi-lexikon","7":"first","8":"instock","9":"shipping-taxable","10":"product-type-simple"},"_links":{"self":[{"href":"https:\/\/uj.adatbank.ro\/lexikon\/wp-json\/wp\/v2\/product\/11025","targetHints":{"allow":["GET"]}}],"collection":[{"href":"https:\/\/uj.adatbank.ro\/lexikon\/wp-json\/wp\/v2\/product"}],"about":[{"href":"https:\/\/uj.adatbank.ro\/lexikon\/wp-json\/wp\/v2\/types\/product"}],"replies":[{"embeddable":true,"href":"https:\/\/uj.adatbank.ro\/lexikon\/wp-json\/wp\/v2\/comments?post=11025"}],"wp:attachment":[{"href":"https:\/\/uj.adatbank.ro\/lexikon\/wp-json\/wp\/v2\/media?parent=11025"}],"wp:term":[{"taxonomy":"product_brand","embeddable":true,"href":"https:\/\/uj.adatbank.ro\/lexikon\/wp-json\/wp\/v2\/product_brand?post=11025"},{"taxonomy":"product_cat","embeddable":true,"href":"https:\/\/uj.adatbank.ro\/lexikon\/wp-json\/wp\/v2\/product_cat?post=11025"},{"taxonomy":"product_tag","embeddable":true,"href":"https:\/\/uj.adatbank.ro\/lexikon\/wp-json\/wp\/v2\/product_tag?post=11025"}],"curies":[{"name":"wp","href":"https:\/\/api.w.org\/{rel}","templated":true}]}}