{"id":11026,"date":"2025-06-29T13:39:29","date_gmt":"2025-06-29T11:39:29","guid":{"rendered":"https:\/\/uj.adatbank.ro\/lexikon\/termek\/kacso-laszlo\/"},"modified":"2025-06-29T13:39:29","modified_gmt":"2025-06-29T11:39:29","slug":"kacso-laszlo","status":"publish","type":"product","link":"https:\/\/uj.adatbank.ro\/lexikon\/termek\/kacso-laszlo\/","title":{"rendered":"KACS\u00d3 L\u00e1szl\u00f3"},"content":{"rendered":"<p>Ny\u00e1r\u00e1dremete, 1878. febr. 28., \u2020 Ny\u00e1r\u00e1dremete, 1971. j\u00fal. 6.: r. k. pap. \u2013 Kacs\u00f3 Elek \u00e9s Simonfi R\u00f3za fia. -Tanulm\u00e1nyait a mv.-i f\u0151gimn.-ban \u00f6szt\u00f6nd\u00edjas di\u00e1kk\u00e9nt v\u00e9gezte (1901\u201305), Sz\u00e9kelyudvarhelyen, Gyulafeh\u00e9rv\u00e1ron folytatta teol\u00f3giai tanulm\u00e1nyait. Papp\u00e1 szentelt\u00e9k (1901. j\u00fal. 2.). Gyergy\u00f3\u00fajfaluban \u00e9s Kv.-on volt k\u00e1pl\u00e1n, Kv.-on hitoktat\u00f3, a tanonc- \u00e9s leg\u00e9nyegyelet vezet\u0151je (1903), Jobb\u00e1gytelk\u00e9n pl\u00e9b\u00e1nos, f\u0151esperess (1904\u201326), iskola igazgat\u00f3 (1907\u201314), imp\u00e9rium v\u00e1ltoz\u00e1skor bez\u00e1rt\u00e1k (1920). majd Felvincen pl\u00e9b\u00e1nos (1926\u2013) \u00e9s f\u0151esperes (1930). <br \/><strong>Irod.:<\/strong> EM; Eml\u00e9kk\u00f6nyv a jobb\u00e1gytelki iskola \u00e9vfordul\u00f3j\u00e1ra; Ferenczi S\u00e1ndor 2009; Eremitu-Ny\u00e1r\u00e1dremete; Katona, Szab\u00f3 2001; Ny\u00e1r\u00e1dremete<\/br><\/p>\n","protected":false},"excerpt":{"rendered":"<p>Ny\u00e1r\u00e1dremete, 1878. febr. 28., \u2020 Ny\u00e1r\u00e1dremete, 1971. j\u00fal. 6.: r. k. pap. \u2013 Kacs\u00f3 Elek \u00e9s Simonfi R\u00f3za fia. -Tanulm\u00e1nyait a mv.-i f\u0151gimn.-ban \u00f6szt\u00f6nd\u00edjas di\u00e1kk\u00e9nt v\u00e9gezte (1901\u201305), Sz\u00e9kelyudvarhelyen, Gyulafeh\u00e9rv\u00e1ron folytatta teol\u00f3giai tanulm\u00e1nyait. Papp\u00e1 szentelt\u00e9k (1901. j\u00fal. 2.). Gyergy\u00f3\u00fajfaluban \u00e9s Kv.-on volt k\u00e1pl\u00e1n, Kv.-on hitoktat\u00f3, a tanonc- \u00e9s leg\u00e9nyegyelet vezet\u0151je (1903), Jobb\u00e1gytelk\u00e9n pl\u00e9b\u00e1nos, f\u0151esperess (1904\u201326), iskola [&hellip;]<\/p>\n","protected":false},"featured_media":0,"comment_status":"open","ping_status":"closed","template":"","meta":[],"product_brand":[],"product_cat":[137],"product_tag":[],"class_list":{"0":"post-11026","1":"product","2":"type-product","3":"status-publish","5":"product_cat-maros-megyei-eletrajzi-lexikon","7":"first","8":"instock","9":"shipping-taxable","10":"product-type-simple"},"_links":{"self":[{"href":"https:\/\/uj.adatbank.ro\/lexikon\/wp-json\/wp\/v2\/product\/11026","targetHints":{"allow":["GET"]}}],"collection":[{"href":"https:\/\/uj.adatbank.ro\/lexikon\/wp-json\/wp\/v2\/product"}],"about":[{"href":"https:\/\/uj.adatbank.ro\/lexikon\/wp-json\/wp\/v2\/types\/product"}],"replies":[{"embeddable":true,"href":"https:\/\/uj.adatbank.ro\/lexikon\/wp-json\/wp\/v2\/comments?post=11026"}],"wp:attachment":[{"href":"https:\/\/uj.adatbank.ro\/lexikon\/wp-json\/wp\/v2\/media?parent=11026"}],"wp:term":[{"taxonomy":"product_brand","embeddable":true,"href":"https:\/\/uj.adatbank.ro\/lexikon\/wp-json\/wp\/v2\/product_brand?post=11026"},{"taxonomy":"product_cat","embeddable":true,"href":"https:\/\/uj.adatbank.ro\/lexikon\/wp-json\/wp\/v2\/product_cat?post=11026"},{"taxonomy":"product_tag","embeddable":true,"href":"https:\/\/uj.adatbank.ro\/lexikon\/wp-json\/wp\/v2\/product_tag?post=11026"}],"curies":[{"name":"wp","href":"https:\/\/api.w.org\/{rel}","templated":true}]}}