{"id":11031,"date":"2025-06-29T13:39:38","date_gmt":"2025-06-29T11:39:38","guid":{"rendered":"https:\/\/uj.adatbank.ro\/lexikon\/termek\/kacso-s-jozsef\/"},"modified":"2025-06-29T13:39:38","modified_gmt":"2025-06-29T11:39:38","slug":"kacso-s-jozsef","status":"publish","type":"product","link":"https:\/\/uj.adatbank.ro\/lexikon\/termek\/kacso-s-jozsef\/","title":{"rendered":"KACS\u00d3 S. J\u00f3zsef"},"content":{"rendered":"<p>Ny\u00e1r\u00e1dselye, 1889. febr. 13., \u2020 Ny\u00e1r\u00e1dselye, 1957.: f\u00f6ldm\u0171ves, vit\u00e9z. \u2013 Tartal\u00e9kos tizedes. Vit\u00e9zi avat\u00e1si id\u0151pont: 1943. m\u00e1rc. 10. <br \/><strong>Irod.:<\/strong> Berekm\u00e9ri\u2013Nemes<\/br><\/p>\n","protected":false},"excerpt":{"rendered":"<p>Ny\u00e1r\u00e1dselye, 1889. febr. 13., \u2020 Ny\u00e1r\u00e1dselye, 1957.: f\u00f6ldm\u0171ves, vit\u00e9z. \u2013 Tartal\u00e9kos tizedes. Vit\u00e9zi avat\u00e1si id\u0151pont: 1943. m\u00e1rc. 10. Irod.: Berekm\u00e9ri\u2013Nemes<\/p>\n","protected":false},"featured_media":0,"comment_status":"open","ping_status":"closed","template":"","meta":[],"product_brand":[],"product_cat":[137],"product_tag":[],"class_list":{"0":"post-11031","1":"product","2":"type-product","3":"status-publish","5":"product_cat-maros-megyei-eletrajzi-lexikon","7":"first","8":"instock","9":"shipping-taxable","10":"product-type-simple"},"_links":{"self":[{"href":"https:\/\/uj.adatbank.ro\/lexikon\/wp-json\/wp\/v2\/product\/11031","targetHints":{"allow":["GET"]}}],"collection":[{"href":"https:\/\/uj.adatbank.ro\/lexikon\/wp-json\/wp\/v2\/product"}],"about":[{"href":"https:\/\/uj.adatbank.ro\/lexikon\/wp-json\/wp\/v2\/types\/product"}],"replies":[{"embeddable":true,"href":"https:\/\/uj.adatbank.ro\/lexikon\/wp-json\/wp\/v2\/comments?post=11031"}],"wp:attachment":[{"href":"https:\/\/uj.adatbank.ro\/lexikon\/wp-json\/wp\/v2\/media?parent=11031"}],"wp:term":[{"taxonomy":"product_brand","embeddable":true,"href":"https:\/\/uj.adatbank.ro\/lexikon\/wp-json\/wp\/v2\/product_brand?post=11031"},{"taxonomy":"product_cat","embeddable":true,"href":"https:\/\/uj.adatbank.ro\/lexikon\/wp-json\/wp\/v2\/product_cat?post=11031"},{"taxonomy":"product_tag","embeddable":true,"href":"https:\/\/uj.adatbank.ro\/lexikon\/wp-json\/wp\/v2\/product_tag?post=11031"}],"curies":[{"name":"wp","href":"https:\/\/api.w.org\/{rel}","templated":true}]}}