{"id":11034,"date":"2025-06-29T13:39:45","date_gmt":"2025-06-29T11:39:45","guid":{"rendered":"https:\/\/uj.adatbank.ro\/lexikon\/termek\/kacso-sandor-bozodi\/"},"modified":"2025-06-29T13:39:45","modified_gmt":"2025-06-29T11:39:45","slug":"kacso-sandor-bozodi","status":"publish","type":"product","link":"https:\/\/uj.adatbank.ro\/lexikon\/termek\/kacso-sandor-bozodi\/","title":{"rendered":"KACS\u00d3 S\u00e1ndor, b\u00f6z\u00f6di"},"content":{"rendered":"<p>1873.? \u2020 B\u00f6z\u00f6d., 1919. m\u00e1j. 4.: k\u00f6rjegyz\u0151. \u2013 Feles\u00e9ge: Palk\u00f3 Ir\u00e9n. Gyermekeik. K. Lajos, S\u00e1ndor, Ir\u00e9n. <br \/><strong>Irod.:<\/strong> Gy\u00e1szjelent\u0151<\/br><\/p>\n","protected":false},"excerpt":{"rendered":"<p>1873.? \u2020 B\u00f6z\u00f6d., 1919. m\u00e1j. 4.: k\u00f6rjegyz\u0151. \u2013 Feles\u00e9ge: Palk\u00f3 Ir\u00e9n. Gyermekeik. K. Lajos, S\u00e1ndor, Ir\u00e9n. Irod.: Gy\u00e1szjelent\u0151<\/p>\n","protected":false},"featured_media":0,"comment_status":"open","ping_status":"closed","template":"","meta":[],"product_brand":[],"product_cat":[137],"product_tag":[],"class_list":{"0":"post-11034","1":"product","2":"type-product","3":"status-publish","5":"product_cat-maros-megyei-eletrajzi-lexikon","7":"first","8":"instock","9":"shipping-taxable","10":"product-type-simple"},"_links":{"self":[{"href":"https:\/\/uj.adatbank.ro\/lexikon\/wp-json\/wp\/v2\/product\/11034","targetHints":{"allow":["GET"]}}],"collection":[{"href":"https:\/\/uj.adatbank.ro\/lexikon\/wp-json\/wp\/v2\/product"}],"about":[{"href":"https:\/\/uj.adatbank.ro\/lexikon\/wp-json\/wp\/v2\/types\/product"}],"replies":[{"embeddable":true,"href":"https:\/\/uj.adatbank.ro\/lexikon\/wp-json\/wp\/v2\/comments?post=11034"}],"wp:attachment":[{"href":"https:\/\/uj.adatbank.ro\/lexikon\/wp-json\/wp\/v2\/media?parent=11034"}],"wp:term":[{"taxonomy":"product_brand","embeddable":true,"href":"https:\/\/uj.adatbank.ro\/lexikon\/wp-json\/wp\/v2\/product_brand?post=11034"},{"taxonomy":"product_cat","embeddable":true,"href":"https:\/\/uj.adatbank.ro\/lexikon\/wp-json\/wp\/v2\/product_cat?post=11034"},{"taxonomy":"product_tag","embeddable":true,"href":"https:\/\/uj.adatbank.ro\/lexikon\/wp-json\/wp\/v2\/product_tag?post=11034"}],"curies":[{"name":"wp","href":"https:\/\/api.w.org\/{rel}","templated":true}]}}