{"id":11036,"date":"2025-06-29T13:39:47","date_gmt":"2025-06-29T11:39:47","guid":{"rendered":"https:\/\/uj.adatbank.ro\/lexikon\/termek\/kacso-bodo-balazs\/"},"modified":"2025-06-29T13:39:47","modified_gmt":"2025-06-29T11:39:47","slug":"kacso-bodo-balazs","status":"publish","type":"product","link":"https:\/\/uj.adatbank.ro\/lexikon\/termek\/kacso-bodo-balazs\/","title":{"rendered":"KACS\u00d3-BOD\u00d3 Bal\u00e1zs"},"content":{"rendered":"<p>Mez\u0151veresegyh\u00e1za (Beszterce-Nasz\u00f3d), 1915. m\u00e1rc. 15., \u2020 Mv., 1992. szept. 23.: biol\u00f3gia tan\u00e1r. \u2013 Nevel\u0151apja Kacs\u00f3 Lajos ref. lelk\u00e9sz volt. \u2013 A mv.-i Ref. Koll.-ban tan\u00edtott (1940\u201350) \u00e9s a tanul\u00f3k k\u00f6nyvt\u00e1r\u00e1nak felel\u0151se. A II. vh.-ban tart. z\u00e1szl\u00f3si rangban vett r\u00e9szt. A 4. sz. Le\u00e1nyl\u00edc.-ban is tan\u00edtott. &#8211;<br \/><strong>Irod.:<\/strong> Berekm\u00e9ri; Mv. t\u00f6rt. 2.; Nekrol\u00f3g] (N\u00fa., 1992. szept. 25.); Sebesty\u00e9n; Sk\u00f3la<\/br><\/p>\n","protected":false},"excerpt":{"rendered":"<p>Mez\u0151veresegyh\u00e1za (Beszterce-Nasz\u00f3d), 1915. m\u00e1rc. 15., \u2020 Mv., 1992. szept. 23.: biol\u00f3gia tan\u00e1r. \u2013 Nevel\u0151apja Kacs\u00f3 Lajos ref. lelk\u00e9sz volt. \u2013 A mv.-i Ref. Koll.-ban tan\u00edtott (1940\u201350) \u00e9s a tanul\u00f3k k\u00f6nyvt\u00e1r\u00e1nak felel\u0151se. A II. vh.-ban tart. z\u00e1szl\u00f3si rangban vett r\u00e9szt. A 4. sz. Le\u00e1nyl\u00edc.-ban is tan\u00edtott. &#8211;Irod.: Berekm\u00e9ri; Mv. t\u00f6rt. 2.; Nekrol\u00f3g] (N\u00fa., 1992. szept. 25.); [&hellip;]<\/p>\n","protected":false},"featured_media":0,"comment_status":"open","ping_status":"closed","template":"","meta":[],"product_brand":[],"product_cat":[137],"product_tag":[],"class_list":{"0":"post-11036","1":"product","2":"type-product","3":"status-publish","5":"product_cat-maros-megyei-eletrajzi-lexikon","7":"first","8":"instock","9":"shipping-taxable","10":"product-type-simple"},"_links":{"self":[{"href":"https:\/\/uj.adatbank.ro\/lexikon\/wp-json\/wp\/v2\/product\/11036","targetHints":{"allow":["GET"]}}],"collection":[{"href":"https:\/\/uj.adatbank.ro\/lexikon\/wp-json\/wp\/v2\/product"}],"about":[{"href":"https:\/\/uj.adatbank.ro\/lexikon\/wp-json\/wp\/v2\/types\/product"}],"replies":[{"embeddable":true,"href":"https:\/\/uj.adatbank.ro\/lexikon\/wp-json\/wp\/v2\/comments?post=11036"}],"wp:attachment":[{"href":"https:\/\/uj.adatbank.ro\/lexikon\/wp-json\/wp\/v2\/media?parent=11036"}],"wp:term":[{"taxonomy":"product_brand","embeddable":true,"href":"https:\/\/uj.adatbank.ro\/lexikon\/wp-json\/wp\/v2\/product_brand?post=11036"},{"taxonomy":"product_cat","embeddable":true,"href":"https:\/\/uj.adatbank.ro\/lexikon\/wp-json\/wp\/v2\/product_cat?post=11036"},{"taxonomy":"product_tag","embeddable":true,"href":"https:\/\/uj.adatbank.ro\/lexikon\/wp-json\/wp\/v2\/product_tag?post=11036"}],"curies":[{"name":"wp","href":"https:\/\/api.w.org\/{rel}","templated":true}]}}