{"id":11037,"date":"2025-06-29T13:39:49","date_gmt":"2025-06-29T11:39:49","guid":{"rendered":"https:\/\/uj.adatbank.ro\/lexikon\/termek\/kacsoh-bela\/"},"modified":"2025-06-29T13:39:49","modified_gmt":"2025-06-29T11:39:49","slug":"kacsoh-bela","status":"publish","type":"product","link":"https:\/\/uj.adatbank.ro\/lexikon\/termek\/kacsoh-bela\/","title":{"rendered":"KACS\u00d3H B\u00e9la"},"content":{"rendered":"<p>1900., \u2020 ? : tan\u00edt\u00f3. \u2013 Mv.-en a Ref. Koll.-ban, Nagyenyeden a tan\u00edt\u00f3k\u00e9pz\u0151ben tanult. -Cserefalv\u00e1n tan\u00edtott (1932\u2013). <br \/><strong>Irod.:<\/strong> Erd\u00e9lyi v\u00e1rmegy\u00e9k<\/br><\/p>\n","protected":false},"excerpt":{"rendered":"<p>1900., \u2020 ? : tan\u00edt\u00f3. \u2013 Mv.-en a Ref. Koll.-ban, Nagyenyeden a tan\u00edt\u00f3k\u00e9pz\u0151ben tanult. -Cserefalv\u00e1n tan\u00edtott (1932\u2013). Irod.: Erd\u00e9lyi v\u00e1rmegy\u00e9k<\/p>\n","protected":false},"featured_media":0,"comment_status":"open","ping_status":"closed","template":"","meta":[],"product_brand":[],"product_cat":[137],"product_tag":[],"class_list":{"0":"post-11037","1":"product","2":"type-product","3":"status-publish","5":"product_cat-maros-megyei-eletrajzi-lexikon","7":"first","8":"instock","9":"shipping-taxable","10":"product-type-simple"},"_links":{"self":[{"href":"https:\/\/uj.adatbank.ro\/lexikon\/wp-json\/wp\/v2\/product\/11037","targetHints":{"allow":["GET"]}}],"collection":[{"href":"https:\/\/uj.adatbank.ro\/lexikon\/wp-json\/wp\/v2\/product"}],"about":[{"href":"https:\/\/uj.adatbank.ro\/lexikon\/wp-json\/wp\/v2\/types\/product"}],"replies":[{"embeddable":true,"href":"https:\/\/uj.adatbank.ro\/lexikon\/wp-json\/wp\/v2\/comments?post=11037"}],"wp:attachment":[{"href":"https:\/\/uj.adatbank.ro\/lexikon\/wp-json\/wp\/v2\/media?parent=11037"}],"wp:term":[{"taxonomy":"product_brand","embeddable":true,"href":"https:\/\/uj.adatbank.ro\/lexikon\/wp-json\/wp\/v2\/product_brand?post=11037"},{"taxonomy":"product_cat","embeddable":true,"href":"https:\/\/uj.adatbank.ro\/lexikon\/wp-json\/wp\/v2\/product_cat?post=11037"},{"taxonomy":"product_tag","embeddable":true,"href":"https:\/\/uj.adatbank.ro\/lexikon\/wp-json\/wp\/v2\/product_tag?post=11037"}],"curies":[{"name":"wp","href":"https:\/\/api.w.org\/{rel}","templated":true}]}}