{"id":11039,"date":"2025-06-29T13:39:55","date_gmt":"2025-06-29T11:39:55","guid":{"rendered":"https:\/\/uj.adatbank.ro\/lexikon\/termek\/kacza-istvan\/"},"modified":"2025-06-29T13:39:55","modified_gmt":"2025-06-29T11:39:55","slug":"kacza-istvan","status":"publish","type":"product","link":"https:\/\/uj.adatbank.ro\/lexikon\/termek\/kacza-istvan\/","title":{"rendered":"KACZA Istv\u00e1n"},"content":{"rendered":"<p>T\u00f6t\u00f6r, 1862. m\u00e1j. 16., \u2020 Mez\u0151szengyel, 1941. m\u00e1j. 3.: r. k. pap. \u2013 Szamos\u00fajv\u00e1ron, Kv.-on, Egerben \u00e9s Gyulafeh\u00e9rv\u00e1ron tanult. Papp\u00e1 szentelt\u00e9k (1889. j\u00fal. 14.). K\u00e1pl\u00e1n Zetelak\u00e1n (1891), Kv.-on (1893). Pl\u00e9b\u00e1nos Mez\u0151szengyelen (1895), itt is nyugd\u00edjazt\u00e1k (1917). Cikke a K\u00f6zm\u0171vel\u0151d\u00e9sben (1891). <br \/><strong>Irod.:<\/strong> Ferenczi S\u00e1ndor 2009; Guly\u00e1s<\/br><\/p>\n","protected":false},"excerpt":{"rendered":"<p>T\u00f6t\u00f6r, 1862. m\u00e1j. 16., \u2020 Mez\u0151szengyel, 1941. m\u00e1j. 3.: r. k. pap. \u2013 Szamos\u00fajv\u00e1ron, Kv.-on, Egerben \u00e9s Gyulafeh\u00e9rv\u00e1ron tanult. Papp\u00e1 szentelt\u00e9k (1889. j\u00fal. 14.). K\u00e1pl\u00e1n Zetelak\u00e1n (1891), Kv.-on (1893). Pl\u00e9b\u00e1nos Mez\u0151szengyelen (1895), itt is nyugd\u00edjazt\u00e1k (1917). Cikke a K\u00f6zm\u0171vel\u0151d\u00e9sben (1891). Irod.: Ferenczi S\u00e1ndor 2009; Guly\u00e1s<\/p>\n","protected":false},"featured_media":0,"comment_status":"open","ping_status":"closed","template":"","meta":[],"product_brand":[],"product_cat":[137],"product_tag":[],"class_list":{"0":"post-11039","1":"product","2":"type-product","3":"status-publish","5":"product_cat-maros-megyei-eletrajzi-lexikon","7":"first","8":"instock","9":"shipping-taxable","10":"product-type-simple"},"_links":{"self":[{"href":"https:\/\/uj.adatbank.ro\/lexikon\/wp-json\/wp\/v2\/product\/11039","targetHints":{"allow":["GET"]}}],"collection":[{"href":"https:\/\/uj.adatbank.ro\/lexikon\/wp-json\/wp\/v2\/product"}],"about":[{"href":"https:\/\/uj.adatbank.ro\/lexikon\/wp-json\/wp\/v2\/types\/product"}],"replies":[{"embeddable":true,"href":"https:\/\/uj.adatbank.ro\/lexikon\/wp-json\/wp\/v2\/comments?post=11039"}],"wp:attachment":[{"href":"https:\/\/uj.adatbank.ro\/lexikon\/wp-json\/wp\/v2\/media?parent=11039"}],"wp:term":[{"taxonomy":"product_brand","embeddable":true,"href":"https:\/\/uj.adatbank.ro\/lexikon\/wp-json\/wp\/v2\/product_brand?post=11039"},{"taxonomy":"product_cat","embeddable":true,"href":"https:\/\/uj.adatbank.ro\/lexikon\/wp-json\/wp\/v2\/product_cat?post=11039"},{"taxonomy":"product_tag","embeddable":true,"href":"https:\/\/uj.adatbank.ro\/lexikon\/wp-json\/wp\/v2\/product_tag?post=11039"}],"curies":[{"name":"wp","href":"https:\/\/api.w.org\/{rel}","templated":true}]}}