{"id":11040,"date":"2025-06-29T13:39:56","date_gmt":"2025-06-29T11:39:56","guid":{"rendered":"https:\/\/uj.adatbank.ro\/lexikon\/termek\/kaczai-ferenc-mosoni\/"},"modified":"2025-06-29T13:39:56","modified_gmt":"2025-06-29T11:39:56","slug":"kaczai-ferenc-mosoni","status":"publish","type":"product","link":"https:\/\/uj.adatbank.ro\/lexikon\/termek\/kaczai-ferenc-mosoni\/","title":{"rendered":"KACZAI Ferenc, mosoni"},"content":{"rendered":"<p>? \u2020 ? : birtokos. \u2013 23 jobb\u00e1gyot kapott Mosonban J\u00e1nos Zsigmondt\u00f3l (1567. aug. 4.) \u00e9s adom\u00e1nylevelet (1570. j\u00fal. 29.). H\u00e1zass\u00e1g r\u00e9v\u00e9n a birtok czegei gr. Vass Ferenc\u00e9, k\u00e9s\u0151bb a Hallerek\u00e9 \u00e9s v\u00e9g\u00fcl a L\u00e1z\u00e1rok\u00e9 lett. <br \/><strong>Irod.:<\/strong> Keresztes Gyula: \u00d6r\u00f6ks\u00e9g\u00fcnk 55.: Elpusztult kast\u00e9lyok (N\u00fa., 1994. m\u00e1j. 6.); P\u00e1lmay<\/br><\/p>\n","protected":false},"excerpt":{"rendered":"<p>? \u2020 ? : birtokos. \u2013 23 jobb\u00e1gyot kapott Mosonban J\u00e1nos Zsigmondt\u00f3l (1567. aug. 4.) \u00e9s adom\u00e1nylevelet (1570. j\u00fal. 29.). H\u00e1zass\u00e1g r\u00e9v\u00e9n a birtok czegei gr. Vass Ferenc\u00e9, k\u00e9s\u0151bb a Hallerek\u00e9 \u00e9s v\u00e9g\u00fcl a L\u00e1z\u00e1rok\u00e9 lett. Irod.: Keresztes Gyula: \u00d6r\u00f6ks\u00e9g\u00fcnk 55.: Elpusztult kast\u00e9lyok (N\u00fa., 1994. m\u00e1j. 6.); P\u00e1lmay<\/p>\n","protected":false},"featured_media":0,"comment_status":"open","ping_status":"closed","template":"","meta":[],"product_brand":[],"product_cat":[137],"product_tag":[],"class_list":{"0":"post-11040","1":"product","2":"type-product","3":"status-publish","5":"product_cat-maros-megyei-eletrajzi-lexikon","7":"first","8":"instock","9":"shipping-taxable","10":"product-type-simple"},"_links":{"self":[{"href":"https:\/\/uj.adatbank.ro\/lexikon\/wp-json\/wp\/v2\/product\/11040","targetHints":{"allow":["GET"]}}],"collection":[{"href":"https:\/\/uj.adatbank.ro\/lexikon\/wp-json\/wp\/v2\/product"}],"about":[{"href":"https:\/\/uj.adatbank.ro\/lexikon\/wp-json\/wp\/v2\/types\/product"}],"replies":[{"embeddable":true,"href":"https:\/\/uj.adatbank.ro\/lexikon\/wp-json\/wp\/v2\/comments?post=11040"}],"wp:attachment":[{"href":"https:\/\/uj.adatbank.ro\/lexikon\/wp-json\/wp\/v2\/media?parent=11040"}],"wp:term":[{"taxonomy":"product_brand","embeddable":true,"href":"https:\/\/uj.adatbank.ro\/lexikon\/wp-json\/wp\/v2\/product_brand?post=11040"},{"taxonomy":"product_cat","embeddable":true,"href":"https:\/\/uj.adatbank.ro\/lexikon\/wp-json\/wp\/v2\/product_cat?post=11040"},{"taxonomy":"product_tag","embeddable":true,"href":"https:\/\/uj.adatbank.ro\/lexikon\/wp-json\/wp\/v2\/product_tag?post=11040"}],"curies":[{"name":"wp","href":"https:\/\/api.w.org\/{rel}","templated":true}]}}