{"id":11043,"date":"2025-06-29T13:40:00","date_gmt":"2025-06-29T11:40:00","guid":{"rendered":"https:\/\/uj.adatbank.ro\/lexikon\/termek\/kadacsi-istvan-kadatsi-istvan-homorodalmasi\/"},"modified":"2025-06-29T13:40:00","modified_gmt":"2025-06-29T11:40:00","slug":"kadacsi-istvan-kadatsi-istvan-homorodalmasi","status":"publish","type":"product","link":"https:\/\/uj.adatbank.ro\/lexikon\/termek\/kadacsi-istvan-kadatsi-istvan-homorodalmasi\/","title":{"rendered":"KAD\u00c1CSI Istv\u00e1n, Kad\u00e1tsi Istv\u00e1n, homor\u00f3dalm\u00e1si"},"content":{"rendered":"<p>? \u2020 1824.?: gazdatiszt. \u2013 Feles\u00e9ge: Szathm\u00e1ri Pap Borb\u00e1la (1771.? \u2013 Mv., 1831. j\u00fan. 13.). Fi\u00fak: K. D\u00e1niel, cs. kir. f\u0151hadnagy. \u2013 Teleki S\u00e1muel j\u00f3sz\u00e1gigazgat\u00f3ja S\u00e1romberk\u00e9n. <br \/><strong>Irod.:<\/strong> De\u00e9 Nagy Anik\u00f3; Gy\u00e1szjelent\u0151<\/br><\/p>\n","protected":false},"excerpt":{"rendered":"<p>? \u2020 1824.?: gazdatiszt. \u2013 Feles\u00e9ge: Szathm\u00e1ri Pap Borb\u00e1la (1771.? \u2013 Mv., 1831. j\u00fan. 13.). Fi\u00fak: K. D\u00e1niel, cs. kir. f\u0151hadnagy. \u2013 Teleki S\u00e1muel j\u00f3sz\u00e1gigazgat\u00f3ja S\u00e1romberk\u00e9n. Irod.: De\u00e9 Nagy Anik\u00f3; Gy\u00e1szjelent\u0151<\/p>\n","protected":false},"featured_media":0,"comment_status":"open","ping_status":"closed","template":"","meta":[],"product_brand":[],"product_cat":[137],"product_tag":[],"class_list":{"0":"post-11043","1":"product","2":"type-product","3":"status-publish","5":"product_cat-maros-megyei-eletrajzi-lexikon","7":"first","8":"instock","9":"shipping-taxable","10":"product-type-simple"},"_links":{"self":[{"href":"https:\/\/uj.adatbank.ro\/lexikon\/wp-json\/wp\/v2\/product\/11043","targetHints":{"allow":["GET"]}}],"collection":[{"href":"https:\/\/uj.adatbank.ro\/lexikon\/wp-json\/wp\/v2\/product"}],"about":[{"href":"https:\/\/uj.adatbank.ro\/lexikon\/wp-json\/wp\/v2\/types\/product"}],"replies":[{"embeddable":true,"href":"https:\/\/uj.adatbank.ro\/lexikon\/wp-json\/wp\/v2\/comments?post=11043"}],"wp:attachment":[{"href":"https:\/\/uj.adatbank.ro\/lexikon\/wp-json\/wp\/v2\/media?parent=11043"}],"wp:term":[{"taxonomy":"product_brand","embeddable":true,"href":"https:\/\/uj.adatbank.ro\/lexikon\/wp-json\/wp\/v2\/product_brand?post=11043"},{"taxonomy":"product_cat","embeddable":true,"href":"https:\/\/uj.adatbank.ro\/lexikon\/wp-json\/wp\/v2\/product_cat?post=11043"},{"taxonomy":"product_tag","embeddable":true,"href":"https:\/\/uj.adatbank.ro\/lexikon\/wp-json\/wp\/v2\/product_tag?post=11043"}],"curies":[{"name":"wp","href":"https:\/\/api.w.org\/{rel}","templated":true}]}}