{"id":11046,"date":"2025-06-29T13:40:07","date_gmt":"2025-06-29T11:40:07","guid":{"rendered":"https:\/\/uj.adatbank.ro\/lexikon\/termek\/kadar-antal\/"},"modified":"2025-06-29T13:40:07","modified_gmt":"2025-06-29T11:40:07","slug":"kadar-antal","status":"publish","type":"product","link":"https:\/\/uj.adatbank.ro\/lexikon\/termek\/kadar-antal\/","title":{"rendered":"K\u00c1D\u00c1R Antal"},"content":{"rendered":"<p>1798. jan. 21., \u2020 1848. szept. 5. v. aug. 27.? : r. k. pap. \u2013 K\u00e1pl\u00e1n Mv.-en, pl\u00e9b\u00e1nos Sz\u00e9kelyk\u00e1lon (1823\u201326), Szentkatoln\u00e1n (1827), Esztelneken (1838), Lemh\u00e9nyben (1846), h\u00e1romsz\u00e9ki esperes (1848). <br \/><strong>Irod.:<\/strong> Ferenczi S\u00e1ndor 2009; Sz\u00e9kelyk\u00e1l<\/br><\/p>\n","protected":false},"excerpt":{"rendered":"<p>1798. jan. 21., \u2020 1848. szept. 5. v. aug. 27.? : r. k. pap. \u2013 K\u00e1pl\u00e1n Mv.-en, pl\u00e9b\u00e1nos Sz\u00e9kelyk\u00e1lon (1823\u201326), Szentkatoln\u00e1n (1827), Esztelneken (1838), Lemh\u00e9nyben (1846), h\u00e1romsz\u00e9ki esperes (1848). Irod.: Ferenczi S\u00e1ndor 2009; Sz\u00e9kelyk\u00e1l<\/p>\n","protected":false},"featured_media":0,"comment_status":"open","ping_status":"closed","template":"","meta":[],"product_brand":[],"product_cat":[137],"product_tag":[],"class_list":{"0":"post-11046","1":"product","2":"type-product","3":"status-publish","5":"product_cat-maros-megyei-eletrajzi-lexikon","7":"first","8":"instock","9":"shipping-taxable","10":"product-type-simple"},"_links":{"self":[{"href":"https:\/\/uj.adatbank.ro\/lexikon\/wp-json\/wp\/v2\/product\/11046","targetHints":{"allow":["GET"]}}],"collection":[{"href":"https:\/\/uj.adatbank.ro\/lexikon\/wp-json\/wp\/v2\/product"}],"about":[{"href":"https:\/\/uj.adatbank.ro\/lexikon\/wp-json\/wp\/v2\/types\/product"}],"replies":[{"embeddable":true,"href":"https:\/\/uj.adatbank.ro\/lexikon\/wp-json\/wp\/v2\/comments?post=11046"}],"wp:attachment":[{"href":"https:\/\/uj.adatbank.ro\/lexikon\/wp-json\/wp\/v2\/media?parent=11046"}],"wp:term":[{"taxonomy":"product_brand","embeddable":true,"href":"https:\/\/uj.adatbank.ro\/lexikon\/wp-json\/wp\/v2\/product_brand?post=11046"},{"taxonomy":"product_cat","embeddable":true,"href":"https:\/\/uj.adatbank.ro\/lexikon\/wp-json\/wp\/v2\/product_cat?post=11046"},{"taxonomy":"product_tag","embeddable":true,"href":"https:\/\/uj.adatbank.ro\/lexikon\/wp-json\/wp\/v2\/product_tag?post=11046"}],"curies":[{"name":"wp","href":"https:\/\/api.w.org\/{rel}","templated":true}]}}