{"id":11049,"date":"2025-06-29T13:40:11","date_gmt":"2025-06-29T11:40:11","guid":{"rendered":"https:\/\/uj.adatbank.ro\/lexikon\/termek\/kadar-domokos\/"},"modified":"2025-06-29T13:40:11","modified_gmt":"2025-06-29T11:40:11","slug":"kadar-domokos","status":"publish","type":"product","link":"https:\/\/uj.adatbank.ro\/lexikon\/termek\/kadar-domokos\/","title":{"rendered":"K\u00c1D\u00c1R Domokos"},"content":{"rendered":"<p>S\u00e1romberke, 1893., \u2020 ?: gazd\u00e1lkod\u00f3. \u2013 Iskol\u00e1i elv\u00e9gz\u00e9se ut\u00e1n \u00e9desapj\u00e1n\u00e1l tanult gazd\u00e1lkodni, majd \u00f6n\u00e1ll\u00f3 lett \u00f6r\u00f6ks\u00e9g\u00e9hez m\u00e9g szerzett f\u00f6ldet. Az els\u0151 vh.-ban a 62. gy. e.-ben az orosz fronton harcolt, fogs\u00e1gba eset, mint \u0151rvezet\u0151 szerelt le, a II. ez\u00fcst v. \u00e9. \u00e9s a K\u00e1roly Csapatkereszt kit\u00fcntet\u00e9ssel. A MP \u00e9s az EGE tagja, presbiter, a Hangya \u00e9s a Tejsz\u00f6vetkezet igazgat\u00f3s\u00e1gi tagja, a k\u00f6zs\u00e9gi tan\u00e1cs tagja volt. <br \/><strong>Irod.:<\/strong> Sz\u00e9kelyf\u00f6ld \u00ed. k<\/br><\/p>\n","protected":false},"excerpt":{"rendered":"<p>S\u00e1romberke, 1893., \u2020 ?: gazd\u00e1lkod\u00f3. \u2013 Iskol\u00e1i elv\u00e9gz\u00e9se ut\u00e1n \u00e9desapj\u00e1n\u00e1l tanult gazd\u00e1lkodni, majd \u00f6n\u00e1ll\u00f3 lett \u00f6r\u00f6ks\u00e9g\u00e9hez m\u00e9g szerzett f\u00f6ldet. Az els\u0151 vh.-ban a 62. gy. e.-ben az orosz fronton harcolt, fogs\u00e1gba eset, mint \u0151rvezet\u0151 szerelt le, a II. ez\u00fcst v. \u00e9. \u00e9s a K\u00e1roly Csapatkereszt kit\u00fcntet\u00e9ssel. A MP \u00e9s az EGE tagja, presbiter, a Hangya [&hellip;]<\/p>\n","protected":false},"featured_media":0,"comment_status":"open","ping_status":"closed","template":"","meta":[],"product_brand":[],"product_cat":[137],"product_tag":[],"class_list":{"0":"post-11049","1":"product","2":"type-product","3":"status-publish","5":"product_cat-maros-megyei-eletrajzi-lexikon","7":"first","8":"instock","9":"shipping-taxable","10":"product-type-simple"},"_links":{"self":[{"href":"https:\/\/uj.adatbank.ro\/lexikon\/wp-json\/wp\/v2\/product\/11049","targetHints":{"allow":["GET"]}}],"collection":[{"href":"https:\/\/uj.adatbank.ro\/lexikon\/wp-json\/wp\/v2\/product"}],"about":[{"href":"https:\/\/uj.adatbank.ro\/lexikon\/wp-json\/wp\/v2\/types\/product"}],"replies":[{"embeddable":true,"href":"https:\/\/uj.adatbank.ro\/lexikon\/wp-json\/wp\/v2\/comments?post=11049"}],"wp:attachment":[{"href":"https:\/\/uj.adatbank.ro\/lexikon\/wp-json\/wp\/v2\/media?parent=11049"}],"wp:term":[{"taxonomy":"product_brand","embeddable":true,"href":"https:\/\/uj.adatbank.ro\/lexikon\/wp-json\/wp\/v2\/product_brand?post=11049"},{"taxonomy":"product_cat","embeddable":true,"href":"https:\/\/uj.adatbank.ro\/lexikon\/wp-json\/wp\/v2\/product_cat?post=11049"},{"taxonomy":"product_tag","embeddable":true,"href":"https:\/\/uj.adatbank.ro\/lexikon\/wp-json\/wp\/v2\/product_tag?post=11049"}],"curies":[{"name":"wp","href":"https:\/\/api.w.org\/{rel}","templated":true}]}}