{"id":11052,"date":"2025-06-29T13:40:20","date_gmt":"2025-06-29T11:40:20","guid":{"rendered":"https:\/\/uj.adatbank.ro\/lexikon\/termek\/kadar-ferenc-3\/"},"modified":"2025-06-29T13:40:20","modified_gmt":"2025-06-29T11:40:20","slug":"kadar-ferenc-3","status":"publish","type":"product","link":"https:\/\/uj.adatbank.ro\/lexikon\/termek\/kadar-ferenc-3\/","title":{"rendered":"K\u00c1D\u00c1R Ferenc"},"content":{"rendered":"<p>? \u2020 ?: tan\u00e1r. \u2013 Dr. A mv.-i Fels\u0151bb Kereskedelmi Iskol\u00e1ban tan\u00edtott (1923\u201332). <br \/><strong>Irod.:<\/strong> \u00cenv. comercial econ; \u00dcnnepi k\u00f6nyv<\/br><\/p>\n","protected":false},"excerpt":{"rendered":"<p>? \u2020 ?: tan\u00e1r. \u2013 Dr. A mv.-i Fels\u0151bb Kereskedelmi Iskol\u00e1ban tan\u00edtott (1923\u201332). Irod.: \u00cenv. comercial econ; \u00dcnnepi k\u00f6nyv<\/p>\n","protected":false},"featured_media":0,"comment_status":"open","ping_status":"closed","template":"","meta":[],"product_brand":[],"product_cat":[137],"product_tag":[],"class_list":{"0":"post-11052","1":"product","2":"type-product","3":"status-publish","5":"product_cat-maros-megyei-eletrajzi-lexikon","7":"first","8":"instock","9":"shipping-taxable","10":"product-type-simple"},"_links":{"self":[{"href":"https:\/\/uj.adatbank.ro\/lexikon\/wp-json\/wp\/v2\/product\/11052","targetHints":{"allow":["GET"]}}],"collection":[{"href":"https:\/\/uj.adatbank.ro\/lexikon\/wp-json\/wp\/v2\/product"}],"about":[{"href":"https:\/\/uj.adatbank.ro\/lexikon\/wp-json\/wp\/v2\/types\/product"}],"replies":[{"embeddable":true,"href":"https:\/\/uj.adatbank.ro\/lexikon\/wp-json\/wp\/v2\/comments?post=11052"}],"wp:attachment":[{"href":"https:\/\/uj.adatbank.ro\/lexikon\/wp-json\/wp\/v2\/media?parent=11052"}],"wp:term":[{"taxonomy":"product_brand","embeddable":true,"href":"https:\/\/uj.adatbank.ro\/lexikon\/wp-json\/wp\/v2\/product_brand?post=11052"},{"taxonomy":"product_cat","embeddable":true,"href":"https:\/\/uj.adatbank.ro\/lexikon\/wp-json\/wp\/v2\/product_cat?post=11052"},{"taxonomy":"product_tag","embeddable":true,"href":"https:\/\/uj.adatbank.ro\/lexikon\/wp-json\/wp\/v2\/product_tag?post=11052"}],"curies":[{"name":"wp","href":"https:\/\/api.w.org\/{rel}","templated":true}]}}