{"id":11053,"date":"2025-06-29T13:40:22","date_gmt":"2025-06-29T11:40:22","guid":{"rendered":"https:\/\/uj.adatbank.ro\/lexikon\/termek\/kadar-ferenc-4\/"},"modified":"2025-06-29T13:40:22","modified_gmt":"2025-06-29T11:40:22","slug":"kadar-ferenc-4","status":"publish","type":"product","link":"https:\/\/uj.adatbank.ro\/lexikon\/termek\/kadar-ferenc-4\/","title":{"rendered":"K\u00c1D\u00c1R Ferenc"},"content":{"rendered":"<p>? \u20201988. \u00e1pr. 21: tenger\u00e9sz. \u2013 Szak\u00edr\u00f3, tenger\u00e9szkapit\u00e1ny. A M. Kir. Folyam- \u00e9s Tengerhaj\u00f3z\u00e1si R. T. fel\u00fcgyel\u0151je, sajt\u00f3\u00fcgyi int\u00e9z\u0151. It\u00fcntett\u00e9k a Nemzetv\u00e9delmi kereszt kit\u00fcntetettje. \u2013 <strong>F. m.:<\/strong> Egy tenger\u00e9szkapit\u00e1ny napl\u00f3j\u00e1b\u00f3l (1981). <br \/><strong>Irod.:<\/strong> Kelemen<\/br><\/p>\n","protected":false},"excerpt":{"rendered":"<p>? \u20201988. \u00e1pr. 21: tenger\u00e9sz. \u2013 Szak\u00edr\u00f3, tenger\u00e9szkapit\u00e1ny. A M. Kir. Folyam- \u00e9s Tengerhaj\u00f3z\u00e1si R. T. fel\u00fcgyel\u0151je, sajt\u00f3\u00fcgyi int\u00e9z\u0151. It\u00fcntett\u00e9k a Nemzetv\u00e9delmi kereszt kit\u00fcntetettje. \u2013 F. m.: Egy tenger\u00e9szkapit\u00e1ny napl\u00f3j\u00e1b\u00f3l (1981). Irod.: Kelemen<\/p>\n","protected":false},"featured_media":0,"comment_status":"open","ping_status":"closed","template":"","meta":[],"product_brand":[],"product_cat":[137],"product_tag":[],"class_list":{"0":"post-11053","1":"product","2":"type-product","3":"status-publish","5":"product_cat-maros-megyei-eletrajzi-lexikon","7":"first","8":"instock","9":"shipping-taxable","10":"product-type-simple"},"_links":{"self":[{"href":"https:\/\/uj.adatbank.ro\/lexikon\/wp-json\/wp\/v2\/product\/11053","targetHints":{"allow":["GET"]}}],"collection":[{"href":"https:\/\/uj.adatbank.ro\/lexikon\/wp-json\/wp\/v2\/product"}],"about":[{"href":"https:\/\/uj.adatbank.ro\/lexikon\/wp-json\/wp\/v2\/types\/product"}],"replies":[{"embeddable":true,"href":"https:\/\/uj.adatbank.ro\/lexikon\/wp-json\/wp\/v2\/comments?post=11053"}],"wp:attachment":[{"href":"https:\/\/uj.adatbank.ro\/lexikon\/wp-json\/wp\/v2\/media?parent=11053"}],"wp:term":[{"taxonomy":"product_brand","embeddable":true,"href":"https:\/\/uj.adatbank.ro\/lexikon\/wp-json\/wp\/v2\/product_brand?post=11053"},{"taxonomy":"product_cat","embeddable":true,"href":"https:\/\/uj.adatbank.ro\/lexikon\/wp-json\/wp\/v2\/product_cat?post=11053"},{"taxonomy":"product_tag","embeddable":true,"href":"https:\/\/uj.adatbank.ro\/lexikon\/wp-json\/wp\/v2\/product_tag?post=11053"}],"curies":[{"name":"wp","href":"https:\/\/api.w.org\/{rel}","templated":true}]}}