{"id":11055,"date":"2025-06-29T13:40:26","date_gmt":"2025-06-29T11:40:26","guid":{"rendered":"https:\/\/uj.adatbank.ro\/lexikon\/termek\/kadar-ferenc-6\/"},"modified":"2025-06-29T13:40:26","modified_gmt":"2025-06-29T11:40:26","slug":"kadar-ferenc-6","status":"publish","type":"product","link":"https:\/\/uj.adatbank.ro\/lexikon\/termek\/kadar-ferenc-6\/","title":{"rendered":"K\u00c1D\u00c1R Ferenc"},"content":{"rendered":"<p>Jobb\u00e1gytelke, 1926. j\u00fal. 6., \u2020 Sz\u00e9kelyudvarhely, 1994. m\u00e1rc. 30.: r. k. pap. \u2013 Tanult Sz\u00e9kelyudvarhelyen, Kv.-on \u00e9s Gyulafeh\u00e9rv\u00e1ron. Sz\u00e1szv\u00e1roson szentelt\u00e9k papp\u00e1 (1951. m\u00e1rc. 18.). K\u00e1pl\u00e1n Marosilly\u00e9n (1951), Mv.-en (1952). Kiseg\u00edt\u0151 lelkip\u00e1sztor Piskitelepen \u00e9s Sz\u00e1szv\u00e1roson (1953). Lelkip\u00e1sztor Sepsiszentgy\u00f6rgy\u00f6n (1955). Pl\u00e9b\u00e1nos Mik\u00f3\u00fajfaluban (1959), k\u00e1pl\u00e1n K\u0151halomban, Sepsik\u0151r\u00f6spatakon (1970), Sepsiszentgy\u00f6rgy\u00f6n (1979). Lelkip\u00e1sztor Jobb\u00e1gyfalv\u00e1n (1982\u201385), Gyergy\u00f3alfaluban pl\u00e9b\u00e1nos, tb. kanonok (1985). <br \/><strong>Irod.:<\/strong> Ferenczi S\u00e1ndor 2009<\/br><\/p>\n","protected":false},"excerpt":{"rendered":"<p>Jobb\u00e1gytelke, 1926. j\u00fal. 6., \u2020 Sz\u00e9kelyudvarhely, 1994. m\u00e1rc. 30.: r. k. pap. \u2013 Tanult Sz\u00e9kelyudvarhelyen, Kv.-on \u00e9s Gyulafeh\u00e9rv\u00e1ron. Sz\u00e1szv\u00e1roson szentelt\u00e9k papp\u00e1 (1951. m\u00e1rc. 18.). K\u00e1pl\u00e1n Marosilly\u00e9n (1951), Mv.-en (1952). Kiseg\u00edt\u0151 lelkip\u00e1sztor Piskitelepen \u00e9s Sz\u00e1szv\u00e1roson (1953). Lelkip\u00e1sztor Sepsiszentgy\u00f6rgy\u00f6n (1955). Pl\u00e9b\u00e1nos Mik\u00f3\u00fajfaluban (1959), k\u00e1pl\u00e1n K\u0151halomban, Sepsik\u0151r\u00f6spatakon (1970), Sepsiszentgy\u00f6rgy\u00f6n (1979). Lelkip\u00e1sztor Jobb\u00e1gyfalv\u00e1n (1982\u201385), Gyergy\u00f3alfaluban pl\u00e9b\u00e1nos, tb. kanonok (1985). [&hellip;]<\/p>\n","protected":false},"featured_media":0,"comment_status":"open","ping_status":"closed","template":"","meta":[],"product_brand":[],"product_cat":[137],"product_tag":[],"class_list":{"0":"post-11055","1":"product","2":"type-product","3":"status-publish","5":"product_cat-maros-megyei-eletrajzi-lexikon","7":"first","8":"instock","9":"shipping-taxable","10":"product-type-simple"},"_links":{"self":[{"href":"https:\/\/uj.adatbank.ro\/lexikon\/wp-json\/wp\/v2\/product\/11055","targetHints":{"allow":["GET"]}}],"collection":[{"href":"https:\/\/uj.adatbank.ro\/lexikon\/wp-json\/wp\/v2\/product"}],"about":[{"href":"https:\/\/uj.adatbank.ro\/lexikon\/wp-json\/wp\/v2\/types\/product"}],"replies":[{"embeddable":true,"href":"https:\/\/uj.adatbank.ro\/lexikon\/wp-json\/wp\/v2\/comments?post=11055"}],"wp:attachment":[{"href":"https:\/\/uj.adatbank.ro\/lexikon\/wp-json\/wp\/v2\/media?parent=11055"}],"wp:term":[{"taxonomy":"product_brand","embeddable":true,"href":"https:\/\/uj.adatbank.ro\/lexikon\/wp-json\/wp\/v2\/product_brand?post=11055"},{"taxonomy":"product_cat","embeddable":true,"href":"https:\/\/uj.adatbank.ro\/lexikon\/wp-json\/wp\/v2\/product_cat?post=11055"},{"taxonomy":"product_tag","embeddable":true,"href":"https:\/\/uj.adatbank.ro\/lexikon\/wp-json\/wp\/v2\/product_tag?post=11055"}],"curies":[{"name":"wp","href":"https:\/\/api.w.org\/{rel}","templated":true}]}}