{"id":11064,"date":"2025-06-29T13:40:44","date_gmt":"2025-06-29T11:40:44","guid":{"rendered":"https:\/\/uj.adatbank.ro\/lexikon\/termek\/kadar-istvan-p\/"},"modified":"2025-06-29T13:40:44","modified_gmt":"2025-06-29T11:40:44","slug":"kadar-istvan-p","status":"publish","type":"product","link":"https:\/\/uj.adatbank.ro\/lexikon\/termek\/kadar-istvan-p\/","title":{"rendered":"K\u00c1D\u00c1R Istv\u00e1n P."},"content":{"rendered":"<p>\u2020 2001.: r. k. pap. OMF. \u2013 Rideg cell\u00e1j\u00e1ban \u00e9lt \u00e9vtizedeken kereszt\u00f3l Mikh\u00e1z\u00e1n. Nemzed\u00e9keket keresztelt, nevelt, esketett. Az iskolai tan\u00edt\u00e1s mellett n\u00e1la \u2013 minden szigor\u00fa tilt\u00e1s ellen\u00e9re \u2013 t\u00f6rt\u00e9nelmet tanulhattak t\u0151le hetente egyszer legal\u00e1bb. <br \/><strong>Irod.:<\/strong> Lokodi Imre: P. K\u00e1d\u00e1r Istv\u00e1n p\u00e1lc\u00e1ja (N\u00fa, 2001. dec 11)<\/br><\/p>\n","protected":false},"excerpt":{"rendered":"<p>\u2020 2001.: r. k. pap. OMF. \u2013 Rideg cell\u00e1j\u00e1ban \u00e9lt \u00e9vtizedeken kereszt\u00f3l Mikh\u00e1z\u00e1n. Nemzed\u00e9keket keresztelt, nevelt, esketett. Az iskolai tan\u00edt\u00e1s mellett n\u00e1la \u2013 minden szigor\u00fa tilt\u00e1s ellen\u00e9re \u2013 t\u00f6rt\u00e9nelmet tanulhattak t\u0151le hetente egyszer legal\u00e1bb. Irod.: Lokodi Imre: P. K\u00e1d\u00e1r Istv\u00e1n p\u00e1lc\u00e1ja (N\u00fa, 2001. dec 11)<\/p>\n","protected":false},"featured_media":0,"comment_status":"open","ping_status":"closed","template":"","meta":[],"product_brand":[],"product_cat":[137],"product_tag":[],"class_list":{"0":"post-11064","1":"product","2":"type-product","3":"status-publish","5":"product_cat-maros-megyei-eletrajzi-lexikon","7":"first","8":"instock","9":"shipping-taxable","10":"product-type-simple"},"_links":{"self":[{"href":"https:\/\/uj.adatbank.ro\/lexikon\/wp-json\/wp\/v2\/product\/11064","targetHints":{"allow":["GET"]}}],"collection":[{"href":"https:\/\/uj.adatbank.ro\/lexikon\/wp-json\/wp\/v2\/product"}],"about":[{"href":"https:\/\/uj.adatbank.ro\/lexikon\/wp-json\/wp\/v2\/types\/product"}],"replies":[{"embeddable":true,"href":"https:\/\/uj.adatbank.ro\/lexikon\/wp-json\/wp\/v2\/comments?post=11064"}],"wp:attachment":[{"href":"https:\/\/uj.adatbank.ro\/lexikon\/wp-json\/wp\/v2\/media?parent=11064"}],"wp:term":[{"taxonomy":"product_brand","embeddable":true,"href":"https:\/\/uj.adatbank.ro\/lexikon\/wp-json\/wp\/v2\/product_brand?post=11064"},{"taxonomy":"product_cat","embeddable":true,"href":"https:\/\/uj.adatbank.ro\/lexikon\/wp-json\/wp\/v2\/product_cat?post=11064"},{"taxonomy":"product_tag","embeddable":true,"href":"https:\/\/uj.adatbank.ro\/lexikon\/wp-json\/wp\/v2\/product_tag?post=11064"}],"curies":[{"name":"wp","href":"https:\/\/api.w.org\/{rel}","templated":true}]}}