{"id":11065,"date":"2025-06-29T13:40:46","date_gmt":"2025-06-29T11:40:46","guid":{"rendered":"https:\/\/uj.adatbank.ro\/lexikon\/termek\/kadar-istvan-abodi\/"},"modified":"2025-06-29T13:40:46","modified_gmt":"2025-06-29T11:40:46","slug":"kadar-istvan-abodi","status":"publish","type":"product","link":"https:\/\/uj.adatbank.ro\/lexikon\/termek\/kadar-istvan-abodi\/","title":{"rendered":"K\u00c1D\u00c1R Istv\u00e1n, ab\u00f3di"},"content":{"rendered":"<p>1820, \u2020 S\u00f3v\u00e1rad, 1902. \u00e1pr. 2. temett\u00e9k: tan\u00edt\u00f3. \u2013 Mez\u0151panitban tan\u00edtott (1842\u201344); majd S\u00f3v\u00e1radi ev. ref. tan\u00edt\u00f3, ahol 56 \u00e9vig tan\u00edtott. M\u0171k\u00f6d\u00e9s\u00e9nek 53. \u00e9vfordul\u00f3j\u00e1t meg\u00fcnnepelt\u00e9k (1896. febr. 28). <br \/><strong>Irod.:<\/strong> Eml\u00e9kk\u00f6nyv; Imreh Barna; Mez\u0151panit; P\u00e1lmay<\/br><\/p>\n","protected":false},"excerpt":{"rendered":"<p>1820, \u2020 S\u00f3v\u00e1rad, 1902. \u00e1pr. 2. temett\u00e9k: tan\u00edt\u00f3. \u2013 Mez\u0151panitban tan\u00edtott (1842\u201344); majd S\u00f3v\u00e1radi ev. ref. tan\u00edt\u00f3, ahol 56 \u00e9vig tan\u00edtott. M\u0171k\u00f6d\u00e9s\u00e9nek 53. \u00e9vfordul\u00f3j\u00e1t meg\u00fcnnepelt\u00e9k (1896. febr. 28). Irod.: Eml\u00e9kk\u00f6nyv; Imreh Barna; Mez\u0151panit; P\u00e1lmay<\/p>\n","protected":false},"featured_media":0,"comment_status":"open","ping_status":"closed","template":"","meta":[],"product_brand":[],"product_cat":[137],"product_tag":[],"class_list":{"0":"post-11065","1":"product","2":"type-product","3":"status-publish","5":"product_cat-maros-megyei-eletrajzi-lexikon","7":"first","8":"instock","9":"shipping-taxable","10":"product-type-simple"},"_links":{"self":[{"href":"https:\/\/uj.adatbank.ro\/lexikon\/wp-json\/wp\/v2\/product\/11065","targetHints":{"allow":["GET"]}}],"collection":[{"href":"https:\/\/uj.adatbank.ro\/lexikon\/wp-json\/wp\/v2\/product"}],"about":[{"href":"https:\/\/uj.adatbank.ro\/lexikon\/wp-json\/wp\/v2\/types\/product"}],"replies":[{"embeddable":true,"href":"https:\/\/uj.adatbank.ro\/lexikon\/wp-json\/wp\/v2\/comments?post=11065"}],"wp:attachment":[{"href":"https:\/\/uj.adatbank.ro\/lexikon\/wp-json\/wp\/v2\/media?parent=11065"}],"wp:term":[{"taxonomy":"product_brand","embeddable":true,"href":"https:\/\/uj.adatbank.ro\/lexikon\/wp-json\/wp\/v2\/product_brand?post=11065"},{"taxonomy":"product_cat","embeddable":true,"href":"https:\/\/uj.adatbank.ro\/lexikon\/wp-json\/wp\/v2\/product_cat?post=11065"},{"taxonomy":"product_tag","embeddable":true,"href":"https:\/\/uj.adatbank.ro\/lexikon\/wp-json\/wp\/v2\/product_tag?post=11065"}],"curies":[{"name":"wp","href":"https:\/\/api.w.org\/{rel}","templated":true}]}}