{"id":11068,"date":"2025-06-29T13:40:52","date_gmt":"2025-06-29T11:40:52","guid":{"rendered":"https:\/\/uj.adatbank.ro\/lexikon\/termek\/kadar-janos-3\/"},"modified":"2025-06-29T13:40:52","modified_gmt":"2025-06-29T11:40:52","slug":"kadar-janos-3","status":"publish","type":"product","link":"https:\/\/uj.adatbank.ro\/lexikon\/termek\/kadar-janos-3\/","title":{"rendered":"K\u00c1D\u00c1R J\u00e1nos"},"content":{"rendered":"<p>1810., \u2020 Nagyernye, 1888.: k\u00e1ntortan\u00edt\u00f3. \u2013 Nagyerny\u00e9ben volt k\u00e1ntortan\u00edt\u00f3 (1835\u20131849). <br \/><strong>Irod.:<\/strong> Nemes 2017; Nemes Gyula: Szakr\u00e1lis eml\u00e9kek. = P\u00e1l-Antal \u2013 Simon<\/br><\/p>\n","protected":false},"excerpt":{"rendered":"<p>1810., \u2020 Nagyernye, 1888.: k\u00e1ntortan\u00edt\u00f3. \u2013 Nagyerny\u00e9ben volt k\u00e1ntortan\u00edt\u00f3 (1835\u20131849). Irod.: Nemes 2017; Nemes Gyula: Szakr\u00e1lis eml\u00e9kek. = P\u00e1l-Antal \u2013 Simon<\/p>\n","protected":false},"featured_media":0,"comment_status":"open","ping_status":"closed","template":"","meta":[],"product_brand":[],"product_cat":[137],"product_tag":[],"class_list":{"0":"post-11068","1":"product","2":"type-product","3":"status-publish","5":"product_cat-maros-megyei-eletrajzi-lexikon","7":"first","8":"instock","9":"shipping-taxable","10":"product-type-simple"},"_links":{"self":[{"href":"https:\/\/uj.adatbank.ro\/lexikon\/wp-json\/wp\/v2\/product\/11068","targetHints":{"allow":["GET"]}}],"collection":[{"href":"https:\/\/uj.adatbank.ro\/lexikon\/wp-json\/wp\/v2\/product"}],"about":[{"href":"https:\/\/uj.adatbank.ro\/lexikon\/wp-json\/wp\/v2\/types\/product"}],"replies":[{"embeddable":true,"href":"https:\/\/uj.adatbank.ro\/lexikon\/wp-json\/wp\/v2\/comments?post=11068"}],"wp:attachment":[{"href":"https:\/\/uj.adatbank.ro\/lexikon\/wp-json\/wp\/v2\/media?parent=11068"}],"wp:term":[{"taxonomy":"product_brand","embeddable":true,"href":"https:\/\/uj.adatbank.ro\/lexikon\/wp-json\/wp\/v2\/product_brand?post=11068"},{"taxonomy":"product_cat","embeddable":true,"href":"https:\/\/uj.adatbank.ro\/lexikon\/wp-json\/wp\/v2\/product_cat?post=11068"},{"taxonomy":"product_tag","embeddable":true,"href":"https:\/\/uj.adatbank.ro\/lexikon\/wp-json\/wp\/v2\/product_tag?post=11068"}],"curies":[{"name":"wp","href":"https:\/\/api.w.org\/{rel}","templated":true}]}}