{"id":11072,"date":"2025-06-29T13:40:58","date_gmt":"2025-06-29T11:40:58","guid":{"rendered":"https:\/\/uj.adatbank.ro\/lexikon\/termek\/kadar-jozsef-2\/"},"modified":"2025-06-29T13:40:58","modified_gmt":"2025-06-29T11:40:58","slug":"kadar-jozsef-2","status":"publish","type":"product","link":"https:\/\/uj.adatbank.ro\/lexikon\/termek\/kadar-jozsef-2\/","title":{"rendered":"K\u00c1D\u00c1R J\u00f3zsef"},"content":{"rendered":"<p>1818 ? \u2020 ?.: tan\u00edt\u00f3. \u2013 Sz\u00e9kelykakasdi tan\u00edt\u00f3 (1846-?), \u00bbnem b\u00e9kebblett, csak fogadott mester\u00bb, de igen j\u00f3 eredm\u00e9nnyel. Az egyh\u00e1z orgon\u00e1t csin\u00e1ltatott (1867) \u00e9s ett\u0151l kezdve orgonista is lett. <br \/><strong>Irod.:<\/strong> Sz\u00e9kelykakasd<\/br><\/p>\n","protected":false},"excerpt":{"rendered":"<p>1818 ? \u2020 ?.: tan\u00edt\u00f3. \u2013 Sz\u00e9kelykakasdi tan\u00edt\u00f3 (1846-?), \u00bbnem b\u00e9kebblett, csak fogadott mester\u00bb, de igen j\u00f3 eredm\u00e9nnyel. Az egyh\u00e1z orgon\u00e1t csin\u00e1ltatott (1867) \u00e9s ett\u0151l kezdve orgonista is lett. Irod.: Sz\u00e9kelykakasd<\/p>\n","protected":false},"featured_media":0,"comment_status":"open","ping_status":"closed","template":"","meta":[],"product_brand":[],"product_cat":[137],"product_tag":[],"class_list":{"0":"post-11072","1":"product","2":"type-product","3":"status-publish","5":"product_cat-maros-megyei-eletrajzi-lexikon","7":"first","8":"instock","9":"shipping-taxable","10":"product-type-simple"},"_links":{"self":[{"href":"https:\/\/uj.adatbank.ro\/lexikon\/wp-json\/wp\/v2\/product\/11072","targetHints":{"allow":["GET"]}}],"collection":[{"href":"https:\/\/uj.adatbank.ro\/lexikon\/wp-json\/wp\/v2\/product"}],"about":[{"href":"https:\/\/uj.adatbank.ro\/lexikon\/wp-json\/wp\/v2\/types\/product"}],"replies":[{"embeddable":true,"href":"https:\/\/uj.adatbank.ro\/lexikon\/wp-json\/wp\/v2\/comments?post=11072"}],"wp:attachment":[{"href":"https:\/\/uj.adatbank.ro\/lexikon\/wp-json\/wp\/v2\/media?parent=11072"}],"wp:term":[{"taxonomy":"product_brand","embeddable":true,"href":"https:\/\/uj.adatbank.ro\/lexikon\/wp-json\/wp\/v2\/product_brand?post=11072"},{"taxonomy":"product_cat","embeddable":true,"href":"https:\/\/uj.adatbank.ro\/lexikon\/wp-json\/wp\/v2\/product_cat?post=11072"},{"taxonomy":"product_tag","embeddable":true,"href":"https:\/\/uj.adatbank.ro\/lexikon\/wp-json\/wp\/v2\/product_tag?post=11072"}],"curies":[{"name":"wp","href":"https:\/\/api.w.org\/{rel}","templated":true}]}}