{"id":11075,"date":"2025-06-29T13:41:04","date_gmt":"2025-06-29T11:41:04","guid":{"rendered":"https:\/\/uj.adatbank.ro\/lexikon\/termek\/kadar-laszlo\/"},"modified":"2025-06-29T13:41:04","modified_gmt":"2025-06-29T11:41:04","slug":"kadar-laszlo","status":"publish","type":"product","link":"https:\/\/uj.adatbank.ro\/lexikon\/termek\/kadar-laszlo\/","title":{"rendered":"K\u00c1D\u00c1R L\u00e1szl\u00f3"},"content":{"rendered":"<p>1931., \u2020 Bp., 1994. j\u00fal. 17. Mv.-en temett\u00e9k el: testnevel\u0151 tan\u00e1r. \u2013 Mv.-en a 8-as iskola tan\u00e1ra. <br \/><strong>Irod.:<\/strong> [Nekrol\u00f3g] (N\u00fa., 1994. j\u00fal. 21)<\/br><\/p>\n","protected":false},"excerpt":{"rendered":"<p>1931., \u2020 Bp., 1994. j\u00fal. 17. Mv.-en temett\u00e9k el: testnevel\u0151 tan\u00e1r. \u2013 Mv.-en a 8-as iskola tan\u00e1ra. Irod.: [Nekrol\u00f3g] (N\u00fa., 1994. j\u00fal. 21)<\/p>\n","protected":false},"featured_media":0,"comment_status":"open","ping_status":"closed","template":"","meta":[],"product_brand":[],"product_cat":[137],"product_tag":[],"class_list":{"0":"post-11075","1":"product","2":"type-product","3":"status-publish","5":"product_cat-maros-megyei-eletrajzi-lexikon","7":"first","8":"instock","9":"shipping-taxable","10":"product-type-simple"},"_links":{"self":[{"href":"https:\/\/uj.adatbank.ro\/lexikon\/wp-json\/wp\/v2\/product\/11075","targetHints":{"allow":["GET"]}}],"collection":[{"href":"https:\/\/uj.adatbank.ro\/lexikon\/wp-json\/wp\/v2\/product"}],"about":[{"href":"https:\/\/uj.adatbank.ro\/lexikon\/wp-json\/wp\/v2\/types\/product"}],"replies":[{"embeddable":true,"href":"https:\/\/uj.adatbank.ro\/lexikon\/wp-json\/wp\/v2\/comments?post=11075"}],"wp:attachment":[{"href":"https:\/\/uj.adatbank.ro\/lexikon\/wp-json\/wp\/v2\/media?parent=11075"}],"wp:term":[{"taxonomy":"product_brand","embeddable":true,"href":"https:\/\/uj.adatbank.ro\/lexikon\/wp-json\/wp\/v2\/product_brand?post=11075"},{"taxonomy":"product_cat","embeddable":true,"href":"https:\/\/uj.adatbank.ro\/lexikon\/wp-json\/wp\/v2\/product_cat?post=11075"},{"taxonomy":"product_tag","embeddable":true,"href":"https:\/\/uj.adatbank.ro\/lexikon\/wp-json\/wp\/v2\/product_tag?post=11075"}],"curies":[{"name":"wp","href":"https:\/\/api.w.org\/{rel}","templated":true}]}}