{"id":11078,"date":"2025-06-29T13:41:08","date_gmt":"2025-06-29T11:41:08","guid":{"rendered":"https:\/\/uj.adatbank.ro\/lexikon\/termek\/kadar-marton-2\/"},"modified":"2025-06-29T13:41:08","modified_gmt":"2025-06-29T11:41:08","slug":"kadar-marton-2","status":"publish","type":"product","link":"https:\/\/uj.adatbank.ro\/lexikon\/termek\/kadar-marton-2\/","title":{"rendered":"K\u00c1D\u00c1R M\u00e1rton"},"content":{"rendered":"<p>? \u2020 ?: esk\u00fcdt polg\u00e1r, k\u00f6zv\u00e1dl\u00f3. \u2013 A mv.-i esk\u00fcdt k\u00f6z\u00f6ns\u00e9g tagja, utcakap\u00edt\u00e1ny (1735), \u00e9p\u00edt\u00e9sfel\u00fcgyel\u0151 (1739). <br \/><strong>Irod.:<\/strong> P\u00e1l-Antal 2006<\/br><\/p>\n","protected":false},"excerpt":{"rendered":"<p>? \u2020 ?: esk\u00fcdt polg\u00e1r, k\u00f6zv\u00e1dl\u00f3. \u2013 A mv.-i esk\u00fcdt k\u00f6z\u00f6ns\u00e9g tagja, utcakap\u00edt\u00e1ny (1735), \u00e9p\u00edt\u00e9sfel\u00fcgyel\u0151 (1739). Irod.: P\u00e1l-Antal 2006<\/p>\n","protected":false},"featured_media":0,"comment_status":"open","ping_status":"closed","template":"","meta":[],"product_brand":[],"product_cat":[137],"product_tag":[],"class_list":{"0":"post-11078","1":"product","2":"type-product","3":"status-publish","5":"product_cat-maros-megyei-eletrajzi-lexikon","7":"first","8":"instock","9":"shipping-taxable","10":"product-type-simple"},"_links":{"self":[{"href":"https:\/\/uj.adatbank.ro\/lexikon\/wp-json\/wp\/v2\/product\/11078","targetHints":{"allow":["GET"]}}],"collection":[{"href":"https:\/\/uj.adatbank.ro\/lexikon\/wp-json\/wp\/v2\/product"}],"about":[{"href":"https:\/\/uj.adatbank.ro\/lexikon\/wp-json\/wp\/v2\/types\/product"}],"replies":[{"embeddable":true,"href":"https:\/\/uj.adatbank.ro\/lexikon\/wp-json\/wp\/v2\/comments?post=11078"}],"wp:attachment":[{"href":"https:\/\/uj.adatbank.ro\/lexikon\/wp-json\/wp\/v2\/media?parent=11078"}],"wp:term":[{"taxonomy":"product_brand","embeddable":true,"href":"https:\/\/uj.adatbank.ro\/lexikon\/wp-json\/wp\/v2\/product_brand?post=11078"},{"taxonomy":"product_cat","embeddable":true,"href":"https:\/\/uj.adatbank.ro\/lexikon\/wp-json\/wp\/v2\/product_cat?post=11078"},{"taxonomy":"product_tag","embeddable":true,"href":"https:\/\/uj.adatbank.ro\/lexikon\/wp-json\/wp\/v2\/product_tag?post=11078"}],"curies":[{"name":"wp","href":"https:\/\/api.w.org\/{rel}","templated":true}]}}