{"id":11079,"date":"2025-06-29T13:41:10","date_gmt":"2025-06-29T11:41:10","guid":{"rendered":"https:\/\/uj.adatbank.ro\/lexikon\/termek\/kadar-marton-abodi\/"},"modified":"2025-06-29T13:41:10","modified_gmt":"2025-06-29T11:41:10","slug":"kadar-marton-abodi","status":"publish","type":"product","link":"https:\/\/uj.adatbank.ro\/lexikon\/termek\/kadar-marton-abodi\/","title":{"rendered":"K\u00c1D\u00c1R M\u00e1rton, ab\u00f3di"},"content":{"rendered":"<p>1815, \u2020 1842: tan\u00edt\u00f3. \u2013 Mez\u0151panitban tan\u00edtott (1834\u201342). <br \/><strong>Irod.:<\/strong> Mez\u0151panit; P\u00e1lmay<\/br><\/p>\n","protected":false},"excerpt":{"rendered":"<p>1815, \u2020 1842: tan\u00edt\u00f3. \u2013 Mez\u0151panitban tan\u00edtott (1834\u201342). Irod.: Mez\u0151panit; P\u00e1lmay<\/p>\n","protected":false},"featured_media":0,"comment_status":"open","ping_status":"closed","template":"","meta":[],"product_brand":[],"product_cat":[137],"product_tag":[],"class_list":{"0":"post-11079","1":"product","2":"type-product","3":"status-publish","5":"product_cat-maros-megyei-eletrajzi-lexikon","7":"first","8":"instock","9":"shipping-taxable","10":"product-type-simple"},"_links":{"self":[{"href":"https:\/\/uj.adatbank.ro\/lexikon\/wp-json\/wp\/v2\/product\/11079","targetHints":{"allow":["GET"]}}],"collection":[{"href":"https:\/\/uj.adatbank.ro\/lexikon\/wp-json\/wp\/v2\/product"}],"about":[{"href":"https:\/\/uj.adatbank.ro\/lexikon\/wp-json\/wp\/v2\/types\/product"}],"replies":[{"embeddable":true,"href":"https:\/\/uj.adatbank.ro\/lexikon\/wp-json\/wp\/v2\/comments?post=11079"}],"wp:attachment":[{"href":"https:\/\/uj.adatbank.ro\/lexikon\/wp-json\/wp\/v2\/media?parent=11079"}],"wp:term":[{"taxonomy":"product_brand","embeddable":true,"href":"https:\/\/uj.adatbank.ro\/lexikon\/wp-json\/wp\/v2\/product_brand?post=11079"},{"taxonomy":"product_cat","embeddable":true,"href":"https:\/\/uj.adatbank.ro\/lexikon\/wp-json\/wp\/v2\/product_cat?post=11079"},{"taxonomy":"product_tag","embeddable":true,"href":"https:\/\/uj.adatbank.ro\/lexikon\/wp-json\/wp\/v2\/product_tag?post=11079"}],"curies":[{"name":"wp","href":"https:\/\/api.w.org\/{rel}","templated":true}]}}