{"id":11083,"date":"2025-06-29T13:41:17","date_gmt":"2025-06-29T11:41:17","guid":{"rendered":"https:\/\/uj.adatbank.ro\/lexikon\/termek\/kadar-odon\/"},"modified":"2025-06-29T13:41:17","modified_gmt":"2025-06-29T11:41:17","slug":"kadar-odon","status":"publish","type":"product","link":"https:\/\/uj.adatbank.ro\/lexikon\/termek\/kadar-odon\/","title":{"rendered":"K\u00c1D\u00c1R \u00d6d\u00f6n"},"content":{"rendered":"<p>Radn\u00f3tf\u00e1ja, 1913. aug. 16. \u2020 ? : \u00f6rvezet\u0151. \u2013 Tartal\u00e9kos \u00f6rvezet\u0151. a mv.-i 27 \/ III. z\u00e1szl\u00f3alj tagjak\u00e9nt ker\u00fclt a keleti hadsz\u00ednt\u00e9rre. Megsebes\u00fclt (1944. j\u00fal. 24.). <br \/><strong>Irod.:<\/strong> Berekm\u00e9ri 2015<\/br><\/p>\n","protected":false},"excerpt":{"rendered":"<p>Radn\u00f3tf\u00e1ja, 1913. aug. 16. \u2020 ? : \u00f6rvezet\u0151. \u2013 Tartal\u00e9kos \u00f6rvezet\u0151. a mv.-i 27 \/ III. z\u00e1szl\u00f3alj tagjak\u00e9nt ker\u00fclt a keleti hadsz\u00ednt\u00e9rre. Megsebes\u00fclt (1944. j\u00fal. 24.). Irod.: Berekm\u00e9ri 2015<\/p>\n","protected":false},"featured_media":0,"comment_status":"open","ping_status":"closed","template":"","meta":[],"product_brand":[],"product_cat":[137],"product_tag":[],"class_list":{"0":"post-11083","1":"product","2":"type-product","3":"status-publish","5":"product_cat-maros-megyei-eletrajzi-lexikon","7":"first","8":"instock","9":"shipping-taxable","10":"product-type-simple"},"_links":{"self":[{"href":"https:\/\/uj.adatbank.ro\/lexikon\/wp-json\/wp\/v2\/product\/11083","targetHints":{"allow":["GET"]}}],"collection":[{"href":"https:\/\/uj.adatbank.ro\/lexikon\/wp-json\/wp\/v2\/product"}],"about":[{"href":"https:\/\/uj.adatbank.ro\/lexikon\/wp-json\/wp\/v2\/types\/product"}],"replies":[{"embeddable":true,"href":"https:\/\/uj.adatbank.ro\/lexikon\/wp-json\/wp\/v2\/comments?post=11083"}],"wp:attachment":[{"href":"https:\/\/uj.adatbank.ro\/lexikon\/wp-json\/wp\/v2\/media?parent=11083"}],"wp:term":[{"taxonomy":"product_brand","embeddable":true,"href":"https:\/\/uj.adatbank.ro\/lexikon\/wp-json\/wp\/v2\/product_brand?post=11083"},{"taxonomy":"product_cat","embeddable":true,"href":"https:\/\/uj.adatbank.ro\/lexikon\/wp-json\/wp\/v2\/product_cat?post=11083"},{"taxonomy":"product_tag","embeddable":true,"href":"https:\/\/uj.adatbank.ro\/lexikon\/wp-json\/wp\/v2\/product_tag?post=11083"}],"curies":[{"name":"wp","href":"https:\/\/api.w.org\/{rel}","templated":true}]}}