{"id":11088,"date":"2025-06-29T13:41:27","date_gmt":"2025-06-29T11:41:27","guid":{"rendered":"https:\/\/uj.adatbank.ro\/lexikon\/termek\/kafka-jozsef\/"},"modified":"2025-06-29T13:41:27","modified_gmt":"2025-06-29T11:41:27","slug":"kafka-jozsef","status":"publish","type":"product","link":"https:\/\/uj.adatbank.ro\/lexikon\/termek\/kafka-jozsef\/","title":{"rendered":"KAFKA J\u00f3zsef"},"content":{"rendered":"<p>? \u2020 ? : zongoratan\u00e1r. \u2013 Mv.-en volt zongoramester (1857-.), a gr. L\u00e1z\u00e1r M\u00f3r gyermekeinek zongoratan\u00e1ra. Voczelka Ede honfit\u00e1rsa, kort\u00e1rsa \u00e9s versenyt\u00e1rsa. Voczelka elismerte technikai f\u00f6l\u00e9ny\u00e9t, m\u00edg \u0151 tisztelettel hajolt meg zeneszerz\u0151i \u00e9s m\u00f3dszertani hat\u00e1sa el\u0151tt. \u2013 Irod: L\u00e9n\u00e1rt J\u00f3zsef: Vocelka Ede eml\u00e9kezete (Maros-Vid\u00e9k, 1880. j\u00fal. 8., 1880. j\u00fal. 16., 1880. j\u00fal. 22.); Sz\u00e1sz K\u00e1roly: A Mv.-i Zenekedvel\u0151k Egylete (V. Z., 1972. febr. 6)<\/br><\/p>\n","protected":false},"excerpt":{"rendered":"<p>? \u2020 ? : zongoratan\u00e1r. \u2013 Mv.-en volt zongoramester (1857-.), a gr. L\u00e1z\u00e1r M\u00f3r gyermekeinek zongoratan\u00e1ra. Voczelka Ede honfit\u00e1rsa, kort\u00e1rsa \u00e9s versenyt\u00e1rsa. Voczelka elismerte technikai f\u00f6l\u00e9ny\u00e9t, m\u00edg \u0151 tisztelettel hajolt meg zeneszerz\u0151i \u00e9s m\u00f3dszertani hat\u00e1sa el\u0151tt. \u2013 Irod: L\u00e9n\u00e1rt J\u00f3zsef: Vocelka Ede eml\u00e9kezete (Maros-Vid\u00e9k, 1880. j\u00fal. 8., 1880. j\u00fal. 16., 1880. j\u00fal. 22.); Sz\u00e1sz K\u00e1roly: [&hellip;]<\/p>\n","protected":false},"featured_media":0,"comment_status":"open","ping_status":"closed","template":"","meta":[],"product_brand":[],"product_cat":[137],"product_tag":[],"class_list":{"0":"post-11088","1":"product","2":"type-product","3":"status-publish","5":"product_cat-maros-megyei-eletrajzi-lexikon","7":"first","8":"instock","9":"shipping-taxable","10":"product-type-simple"},"_links":{"self":[{"href":"https:\/\/uj.adatbank.ro\/lexikon\/wp-json\/wp\/v2\/product\/11088","targetHints":{"allow":["GET"]}}],"collection":[{"href":"https:\/\/uj.adatbank.ro\/lexikon\/wp-json\/wp\/v2\/product"}],"about":[{"href":"https:\/\/uj.adatbank.ro\/lexikon\/wp-json\/wp\/v2\/types\/product"}],"replies":[{"embeddable":true,"href":"https:\/\/uj.adatbank.ro\/lexikon\/wp-json\/wp\/v2\/comments?post=11088"}],"wp:attachment":[{"href":"https:\/\/uj.adatbank.ro\/lexikon\/wp-json\/wp\/v2\/media?parent=11088"}],"wp:term":[{"taxonomy":"product_brand","embeddable":true,"href":"https:\/\/uj.adatbank.ro\/lexikon\/wp-json\/wp\/v2\/product_brand?post=11088"},{"taxonomy":"product_cat","embeddable":true,"href":"https:\/\/uj.adatbank.ro\/lexikon\/wp-json\/wp\/v2\/product_cat?post=11088"},{"taxonomy":"product_tag","embeddable":true,"href":"https:\/\/uj.adatbank.ro\/lexikon\/wp-json\/wp\/v2\/product_tag?post=11088"}],"curies":[{"name":"wp","href":"https:\/\/api.w.org\/{rel}","templated":true}]}}