{"id":11090,"date":"2025-06-29T13:41:30","date_gmt":"2025-06-29T11:41:30","guid":{"rendered":"https:\/\/uj.adatbank.ro\/lexikon\/termek\/kaiser-johann-otto\/"},"modified":"2025-06-29T13:41:30","modified_gmt":"2025-06-29T11:41:30","slug":"kaiser-johann-otto","status":"publish","type":"product","link":"https:\/\/uj.adatbank.ro\/lexikon\/termek\/kaiser-johann-otto\/","title":{"rendered":"KAISER Johann Otto"},"content":{"rendered":"<p>Sz\u00e1szr\u00e9gen, 1863. m\u00e1rc. 9., \u2020 Bp., 1902. okt. 2.: katonatiszt. \u2013 Kv.-on jogot hallgatott, \u00f6nk\u00e9ntesk\u00e9nt bevonult a p\u00e9csi 52. gyalogezredhez (1881\u2013). Tart. hadnaggy\u00e1 l\u00e9ptett\u00e9k el\u0151 (1883\u2013). Hadgyakorlaton vett r\u00e9szt (1886\u201387). T\u00e9nyleges szolg\u00e1latra osztott\u00e1k be a kv.-i 51. gyalogezredhez (1889. m\u00e1j. 1. \u2013). F\u0151hadnagyi, majd kapit\u00e1nyi rangot \u00e9rt el (1901). Betegs\u00e9g miatt elbocs\u00e1tott\u00e1k (1902. j\u00fan\u2013). \u2013Irod.: Reghin, militari<\/br><\/p>\n","protected":false},"excerpt":{"rendered":"<p>Sz\u00e1szr\u00e9gen, 1863. m\u00e1rc. 9., \u2020 Bp., 1902. okt. 2.: katonatiszt. \u2013 Kv.-on jogot hallgatott, \u00f6nk\u00e9ntesk\u00e9nt bevonult a p\u00e9csi 52. gyalogezredhez (1881\u2013). Tart. hadnaggy\u00e1 l\u00e9ptett\u00e9k el\u0151 (1883\u2013). Hadgyakorlaton vett r\u00e9szt (1886\u201387). T\u00e9nyleges szolg\u00e1latra osztott\u00e1k be a kv.-i 51. gyalogezredhez (1889. m\u00e1j. 1. \u2013). F\u0151hadnagyi, majd kapit\u00e1nyi rangot \u00e9rt el (1901). Betegs\u00e9g miatt elbocs\u00e1tott\u00e1k (1902. j\u00fan\u2013). \u2013Irod.: [&hellip;]<\/p>\n","protected":false},"featured_media":0,"comment_status":"open","ping_status":"closed","template":"","meta":[],"product_brand":[],"product_cat":[137],"product_tag":[],"class_list":{"0":"post-11090","1":"product","2":"type-product","3":"status-publish","5":"product_cat-maros-megyei-eletrajzi-lexikon","7":"first","8":"instock","9":"shipping-taxable","10":"product-type-simple"},"_links":{"self":[{"href":"https:\/\/uj.adatbank.ro\/lexikon\/wp-json\/wp\/v2\/product\/11090","targetHints":{"allow":["GET"]}}],"collection":[{"href":"https:\/\/uj.adatbank.ro\/lexikon\/wp-json\/wp\/v2\/product"}],"about":[{"href":"https:\/\/uj.adatbank.ro\/lexikon\/wp-json\/wp\/v2\/types\/product"}],"replies":[{"embeddable":true,"href":"https:\/\/uj.adatbank.ro\/lexikon\/wp-json\/wp\/v2\/comments?post=11090"}],"wp:attachment":[{"href":"https:\/\/uj.adatbank.ro\/lexikon\/wp-json\/wp\/v2\/media?parent=11090"}],"wp:term":[{"taxonomy":"product_brand","embeddable":true,"href":"https:\/\/uj.adatbank.ro\/lexikon\/wp-json\/wp\/v2\/product_brand?post=11090"},{"taxonomy":"product_cat","embeddable":true,"href":"https:\/\/uj.adatbank.ro\/lexikon\/wp-json\/wp\/v2\/product_cat?post=11090"},{"taxonomy":"product_tag","embeddable":true,"href":"https:\/\/uj.adatbank.ro\/lexikon\/wp-json\/wp\/v2\/product_tag?post=11090"}],"curies":[{"name":"wp","href":"https:\/\/api.w.org\/{rel}","templated":true}]}}