{"id":11093,"date":"2025-06-29T13:41:37","date_gmt":"2025-06-29T11:41:37","guid":{"rendered":"https:\/\/uj.adatbank.ro\/lexikon\/termek\/kajlik-jozsef\/"},"modified":"2025-06-29T13:41:37","modified_gmt":"2025-06-29T11:41:37","slug":"kajlik-jozsef","status":"publish","type":"product","link":"https:\/\/uj.adatbank.ro\/lexikon\/termek\/kajlik-jozsef\/","title":{"rendered":"KAJLIK J\u00f3zsef"},"content":{"rendered":"<p>Medgyes, 1927. m\u00e1j. 7., \u2020 Mv., 2002. j\u00fal. 20.: labdar\u00fag\u00f3. \u2013 Mv. -re ker\u00fclt (1946). A Prodcomplex p\u00e9nz\u00fcgyi oszt\u00e1ly\u00e1nak f\u0151n\u00f6ke. labdar\u00fag\u00f3, az ASA csapat\u00e1nak j\u00e1t\u00e9kosa. <br \/><strong>Irod.:<\/strong> [Nekrol\u00f3g] (N\u00fa., 2002. j\u00fal. 20.)<\/br><\/p>\n","protected":false},"excerpt":{"rendered":"<p>Medgyes, 1927. m\u00e1j. 7., \u2020 Mv., 2002. j\u00fal. 20.: labdar\u00fag\u00f3. \u2013 Mv. -re ker\u00fclt (1946). A Prodcomplex p\u00e9nz\u00fcgyi oszt\u00e1ly\u00e1nak f\u0151n\u00f6ke. labdar\u00fag\u00f3, az ASA csapat\u00e1nak j\u00e1t\u00e9kosa. Irod.: [Nekrol\u00f3g] (N\u00fa., 2002. j\u00fal. 20.)<\/p>\n","protected":false},"featured_media":0,"comment_status":"open","ping_status":"closed","template":"","meta":[],"product_brand":[],"product_cat":[137],"product_tag":[],"class_list":{"0":"post-11093","1":"product","2":"type-product","3":"status-publish","5":"product_cat-maros-megyei-eletrajzi-lexikon","7":"first","8":"instock","9":"shipping-taxable","10":"product-type-simple"},"_links":{"self":[{"href":"https:\/\/uj.adatbank.ro\/lexikon\/wp-json\/wp\/v2\/product\/11093","targetHints":{"allow":["GET"]}}],"collection":[{"href":"https:\/\/uj.adatbank.ro\/lexikon\/wp-json\/wp\/v2\/product"}],"about":[{"href":"https:\/\/uj.adatbank.ro\/lexikon\/wp-json\/wp\/v2\/types\/product"}],"replies":[{"embeddable":true,"href":"https:\/\/uj.adatbank.ro\/lexikon\/wp-json\/wp\/v2\/comments?post=11093"}],"wp:attachment":[{"href":"https:\/\/uj.adatbank.ro\/lexikon\/wp-json\/wp\/v2\/media?parent=11093"}],"wp:term":[{"taxonomy":"product_brand","embeddable":true,"href":"https:\/\/uj.adatbank.ro\/lexikon\/wp-json\/wp\/v2\/product_brand?post=11093"},{"taxonomy":"product_cat","embeddable":true,"href":"https:\/\/uj.adatbank.ro\/lexikon\/wp-json\/wp\/v2\/product_cat?post=11093"},{"taxonomy":"product_tag","embeddable":true,"href":"https:\/\/uj.adatbank.ro\/lexikon\/wp-json\/wp\/v2\/product_tag?post=11093"}],"curies":[{"name":"wp","href":"https:\/\/api.w.org\/{rel}","templated":true}]}}