{"id":11095,"date":"2025-06-29T13:41:40","date_gmt":"2025-06-29T11:41:40","guid":{"rendered":"https:\/\/uj.adatbank.ro\/lexikon\/termek\/kajtsa-denes-viktor-kajcsa-denes-viktor-cl\/"},"modified":"2025-06-29T13:41:40","modified_gmt":"2025-06-29T11:41:40","slug":"kajtsa-denes-viktor-kajcsa-denes-viktor-cl","status":"publish","type":"product","link":"https:\/\/uj.adatbank.ro\/lexikon\/termek\/kajtsa-denes-viktor-kajcsa-denes-viktor-cl\/","title":{"rendered":"KAJTSA D\u00e9nes Viktor, Kajcsa D\u00e9nes Viktor, Cl."},"content":{"rendered":"<p>Mikh\u00e1za, 1890. aug. 20. \u2020 ?: tan\u00edt\u00f3. \u2013 Ferences szerzetesnek indult (1906), elt\u00e1vozott (1912). D\u00e9v\u00e1n szerzett tan\u00edt\u00f3i oklevelet (1916). Marosszentgy\u00f6rgy\u00f6n tan\u00edtott a r. k. iskol\u00e1ban. K\u00e1ntor is volt (1940\u201343. jan. 25.). Nacionalizmusa miatt elkergett\u00e9k Rom\u00e1ni\u00e1b\u00f3l (1943). <br \/><strong>Irod.:<\/strong> Guly\u00e1s; Gy\u00f6rgy: A ferencrendiek; S\u00e2ngeorgiu de Mure\u015f: 1940\u20131944<\/br><\/p>\n","protected":false},"excerpt":{"rendered":"<p>Mikh\u00e1za, 1890. aug. 20. \u2020 ?: tan\u00edt\u00f3. \u2013 Ferences szerzetesnek indult (1906), elt\u00e1vozott (1912). D\u00e9v\u00e1n szerzett tan\u00edt\u00f3i oklevelet (1916). Marosszentgy\u00f6rgy\u00f6n tan\u00edtott a r. k. iskol\u00e1ban. K\u00e1ntor is volt (1940\u201343. jan. 25.). Nacionalizmusa miatt elkergett\u00e9k Rom\u00e1ni\u00e1b\u00f3l (1943). Irod.: Guly\u00e1s; Gy\u00f6rgy: A ferencrendiek; S\u00e2ngeorgiu de Mure\u015f: 1940\u20131944<\/p>\n","protected":false},"featured_media":0,"comment_status":"open","ping_status":"closed","template":"","meta":[],"product_brand":[],"product_cat":[137],"product_tag":[],"class_list":{"0":"post-11095","1":"product","2":"type-product","3":"status-publish","5":"product_cat-maros-megyei-eletrajzi-lexikon","7":"first","8":"instock","9":"shipping-taxable","10":"product-type-simple"},"_links":{"self":[{"href":"https:\/\/uj.adatbank.ro\/lexikon\/wp-json\/wp\/v2\/product\/11095","targetHints":{"allow":["GET"]}}],"collection":[{"href":"https:\/\/uj.adatbank.ro\/lexikon\/wp-json\/wp\/v2\/product"}],"about":[{"href":"https:\/\/uj.adatbank.ro\/lexikon\/wp-json\/wp\/v2\/types\/product"}],"replies":[{"embeddable":true,"href":"https:\/\/uj.adatbank.ro\/lexikon\/wp-json\/wp\/v2\/comments?post=11095"}],"wp:attachment":[{"href":"https:\/\/uj.adatbank.ro\/lexikon\/wp-json\/wp\/v2\/media?parent=11095"}],"wp:term":[{"taxonomy":"product_brand","embeddable":true,"href":"https:\/\/uj.adatbank.ro\/lexikon\/wp-json\/wp\/v2\/product_brand?post=11095"},{"taxonomy":"product_cat","embeddable":true,"href":"https:\/\/uj.adatbank.ro\/lexikon\/wp-json\/wp\/v2\/product_cat?post=11095"},{"taxonomy":"product_tag","embeddable":true,"href":"https:\/\/uj.adatbank.ro\/lexikon\/wp-json\/wp\/v2\/product_tag?post=11095"}],"curies":[{"name":"wp","href":"https:\/\/api.w.org\/{rel}","templated":true}]}}