{"id":11098,"date":"2025-06-29T13:41:48","date_gmt":"2025-06-29T11:41:48","guid":{"rendered":"https:\/\/uj.adatbank.ro\/lexikon\/termek\/kakas-imre\/"},"modified":"2025-06-29T13:41:48","modified_gmt":"2025-06-29T11:41:48","slug":"kakas-imre","status":"publish","type":"product","link":"https:\/\/uj.adatbank.ro\/lexikon\/termek\/kakas-imre\/","title":{"rendered":"KAKAS Imre"},"content":{"rendered":"<p>Orbaitelek, 1909. m\u00e1rc. 27., \u2020 Szeretfalva, 1944. okt. 1.: tartal\u00e9kos honv\u00e9d. \u2013 Orell R\u00f3za fia. \u2013 A 27\/I. z\u00e1szl\u00f3aljban honv\u00e9d. Magyarf\u00fclp\u00f6sn\u00e9l aknaszil\u00e1mkt\u00f3l kapott sebes\u00fcl\u00e9s\u00e9be belehalt Szeretfalv\u00e1. <br \/><strong>Irod.:<\/strong> Berekm\u00e9ri 2015<\/br><\/p>\n","protected":false},"excerpt":{"rendered":"<p>Orbaitelek, 1909. m\u00e1rc. 27., \u2020 Szeretfalva, 1944. okt. 1.: tartal\u00e9kos honv\u00e9d. \u2013 Orell R\u00f3za fia. \u2013 A 27\/I. z\u00e1szl\u00f3aljban honv\u00e9d. Magyarf\u00fclp\u00f6sn\u00e9l aknaszil\u00e1mkt\u00f3l kapott sebes\u00fcl\u00e9s\u00e9be belehalt Szeretfalv\u00e1. Irod.: Berekm\u00e9ri 2015<\/p>\n","protected":false},"featured_media":0,"comment_status":"open","ping_status":"closed","template":"","meta":[],"product_brand":[],"product_cat":[137],"product_tag":[],"class_list":{"0":"post-11098","1":"product","2":"type-product","3":"status-publish","5":"product_cat-maros-megyei-eletrajzi-lexikon","7":"first","8":"instock","9":"shipping-taxable","10":"product-type-simple"},"_links":{"self":[{"href":"https:\/\/uj.adatbank.ro\/lexikon\/wp-json\/wp\/v2\/product\/11098","targetHints":{"allow":["GET"]}}],"collection":[{"href":"https:\/\/uj.adatbank.ro\/lexikon\/wp-json\/wp\/v2\/product"}],"about":[{"href":"https:\/\/uj.adatbank.ro\/lexikon\/wp-json\/wp\/v2\/types\/product"}],"replies":[{"embeddable":true,"href":"https:\/\/uj.adatbank.ro\/lexikon\/wp-json\/wp\/v2\/comments?post=11098"}],"wp:attachment":[{"href":"https:\/\/uj.adatbank.ro\/lexikon\/wp-json\/wp\/v2\/media?parent=11098"}],"wp:term":[{"taxonomy":"product_brand","embeddable":true,"href":"https:\/\/uj.adatbank.ro\/lexikon\/wp-json\/wp\/v2\/product_brand?post=11098"},{"taxonomy":"product_cat","embeddable":true,"href":"https:\/\/uj.adatbank.ro\/lexikon\/wp-json\/wp\/v2\/product_cat?post=11098"},{"taxonomy":"product_tag","embeddable":true,"href":"https:\/\/uj.adatbank.ro\/lexikon\/wp-json\/wp\/v2\/product_tag?post=11098"}],"curies":[{"name":"wp","href":"https:\/\/api.w.org\/{rel}","templated":true}]}}