{"id":11101,"date":"2025-06-29T13:41:53","date_gmt":"2025-06-29T11:41:53","guid":{"rendered":"https:\/\/uj.adatbank.ro\/lexikon\/termek\/kakasdi-marton\/"},"modified":"2025-06-29T13:41:53","modified_gmt":"2025-06-29T11:41:53","slug":"kakasdi-marton","status":"publish","type":"product","link":"https:\/\/uj.adatbank.ro\/lexikon\/termek\/kakasdi-marton\/","title":{"rendered":"KAKASDI M\u00e1rton"},"content":{"rendered":"<p>? \u2020 ? : tan\u00edt\u00f3. \u2013 Mv.-en subscrib\u00e1lt, a schola particul\u00e1ban tanult (1668\u201372). Tan\u00edtott K\u00f3r\u00f3dszentm\u00e1rtonban (1678\u2013), mester Ny\u00e1r\u00e1dkar\u00e1csonyfalv\u00e1n (1697\u20131701). <br \/><strong>Irod.:<\/strong> K\u00fck\u00fcll\u0151i Ref. Egyh\u00e1zm. 2.; Sz\u00e9kelykakasd<\/br><\/p>\n","protected":false},"excerpt":{"rendered":"<p>? \u2020 ? : tan\u00edt\u00f3. \u2013 Mv.-en subscrib\u00e1lt, a schola particul\u00e1ban tanult (1668\u201372). Tan\u00edtott K\u00f3r\u00f3dszentm\u00e1rtonban (1678\u2013), mester Ny\u00e1r\u00e1dkar\u00e1csonyfalv\u00e1n (1697\u20131701). Irod.: K\u00fck\u00fcll\u0151i Ref. Egyh\u00e1zm. 2.; Sz\u00e9kelykakasd<\/p>\n","protected":false},"featured_media":0,"comment_status":"open","ping_status":"closed","template":"","meta":[],"product_brand":[],"product_cat":[137],"product_tag":[],"class_list":{"0":"post-11101","1":"product","2":"type-product","3":"status-publish","5":"product_cat-maros-megyei-eletrajzi-lexikon","7":"first","8":"instock","9":"shipping-taxable","10":"product-type-simple"},"_links":{"self":[{"href":"https:\/\/uj.adatbank.ro\/lexikon\/wp-json\/wp\/v2\/product\/11101","targetHints":{"allow":["GET"]}}],"collection":[{"href":"https:\/\/uj.adatbank.ro\/lexikon\/wp-json\/wp\/v2\/product"}],"about":[{"href":"https:\/\/uj.adatbank.ro\/lexikon\/wp-json\/wp\/v2\/types\/product"}],"replies":[{"embeddable":true,"href":"https:\/\/uj.adatbank.ro\/lexikon\/wp-json\/wp\/v2\/comments?post=11101"}],"wp:attachment":[{"href":"https:\/\/uj.adatbank.ro\/lexikon\/wp-json\/wp\/v2\/media?parent=11101"}],"wp:term":[{"taxonomy":"product_brand","embeddable":true,"href":"https:\/\/uj.adatbank.ro\/lexikon\/wp-json\/wp\/v2\/product_brand?post=11101"},{"taxonomy":"product_cat","embeddable":true,"href":"https:\/\/uj.adatbank.ro\/lexikon\/wp-json\/wp\/v2\/product_cat?post=11101"},{"taxonomy":"product_tag","embeddable":true,"href":"https:\/\/uj.adatbank.ro\/lexikon\/wp-json\/wp\/v2\/product_tag?post=11101"}],"curies":[{"name":"wp","href":"https:\/\/api.w.org\/{rel}","templated":true}]}}