{"id":11109,"date":"2025-06-29T13:42:09","date_gmt":"2025-06-29T11:42:09","guid":{"rendered":"https:\/\/uj.adatbank.ro\/lexikon\/termek\/kakasi-sandor-3\/"},"modified":"2025-06-29T13:42:09","modified_gmt":"2025-06-29T11:42:09","slug":"kakasi-sandor-3","status":"publish","type":"product","link":"https:\/\/uj.adatbank.ro\/lexikon\/termek\/kakasi-sandor-3\/","title":{"rendered":"KAKASI S\u00e1ndor"},"content":{"rendered":"<p>? \u2020 ? : vad\u00e1sz. \u2013 A mv.-i vad\u00e1szt\u00e1rsas\u00e1g akt\u00edv tagja (1940). <br \/><strong>Irod.:<\/strong> Societatea de V\u00e2n\u0103toare \u201eApostolii\u201d Tg. Mure\u015f. (Tg. M., 1941)<\/br><\/p>\n","protected":false},"excerpt":{"rendered":"<p>? \u2020 ? : vad\u00e1sz. \u2013 A mv.-i vad\u00e1szt\u00e1rsas\u00e1g akt\u00edv tagja (1940). Irod.: Societatea de V\u00e2n\u0103toare \u201eApostolii\u201d Tg. Mure\u015f. (Tg. M., 1941)<\/p>\n","protected":false},"featured_media":0,"comment_status":"open","ping_status":"closed","template":"","meta":[],"product_brand":[],"product_cat":[137],"product_tag":[],"class_list":{"0":"post-11109","1":"product","2":"type-product","3":"status-publish","5":"product_cat-maros-megyei-eletrajzi-lexikon","7":"first","8":"instock","9":"shipping-taxable","10":"product-type-simple"},"_links":{"self":[{"href":"https:\/\/uj.adatbank.ro\/lexikon\/wp-json\/wp\/v2\/product\/11109","targetHints":{"allow":["GET"]}}],"collection":[{"href":"https:\/\/uj.adatbank.ro\/lexikon\/wp-json\/wp\/v2\/product"}],"about":[{"href":"https:\/\/uj.adatbank.ro\/lexikon\/wp-json\/wp\/v2\/types\/product"}],"replies":[{"embeddable":true,"href":"https:\/\/uj.adatbank.ro\/lexikon\/wp-json\/wp\/v2\/comments?post=11109"}],"wp:attachment":[{"href":"https:\/\/uj.adatbank.ro\/lexikon\/wp-json\/wp\/v2\/media?parent=11109"}],"wp:term":[{"taxonomy":"product_brand","embeddable":true,"href":"https:\/\/uj.adatbank.ro\/lexikon\/wp-json\/wp\/v2\/product_brand?post=11109"},{"taxonomy":"product_cat","embeddable":true,"href":"https:\/\/uj.adatbank.ro\/lexikon\/wp-json\/wp\/v2\/product_cat?post=11109"},{"taxonomy":"product_tag","embeddable":true,"href":"https:\/\/uj.adatbank.ro\/lexikon\/wp-json\/wp\/v2\/product_tag?post=11109"}],"curies":[{"name":"wp","href":"https:\/\/api.w.org\/{rel}","templated":true}]}}