{"id":11112,"date":"2025-06-29T13:42:13","date_gmt":"2025-06-29T11:42:13","guid":{"rendered":"https:\/\/uj.adatbank.ro\/lexikon\/termek\/kakassy-istvan\/"},"modified":"2025-06-29T13:42:13","modified_gmt":"2025-06-29T11:42:13","slug":"kakassy-istvan","status":"publish","type":"product","link":"https:\/\/uj.adatbank.ro\/lexikon\/termek\/kakassy-istvan\/","title":{"rendered":"KAKASSY Istv\u00e1n"},"content":{"rendered":"<p>Ilencfalva, 1918., \u2020 ? : k\u00f6rjegyz\u0151, \u00edrnok. \u2013 Tanulm\u00e1nyait a mv.-i Ref. Koll.-ban \u00e9s Nagyenyeden v\u00e9gezte. Radn\u00f3ton volt k\u00f6rjegyz\u0151, \u00edrnok, majd Nagyteremibe ker\u00fclt (1940). A ref. egyh\u00e1zi egyes\u00fcletek munk\u00e1j\u00e1b\u00f3l kivette a r\u00e9sz\u00e9t. <br \/><strong>Irod.:<\/strong> Sz\u00e9kelyf\u00f6ld \u00ed. k<\/br><\/p>\n","protected":false},"excerpt":{"rendered":"<p>Ilencfalva, 1918., \u2020 ? : k\u00f6rjegyz\u0151, \u00edrnok. \u2013 Tanulm\u00e1nyait a mv.-i Ref. Koll.-ban \u00e9s Nagyenyeden v\u00e9gezte. Radn\u00f3ton volt k\u00f6rjegyz\u0151, \u00edrnok, majd Nagyteremibe ker\u00fclt (1940). A ref. egyh\u00e1zi egyes\u00fcletek munk\u00e1j\u00e1b\u00f3l kivette a r\u00e9sz\u00e9t. Irod.: Sz\u00e9kelyf\u00f6ld \u00ed. k<\/p>\n","protected":false},"featured_media":0,"comment_status":"open","ping_status":"closed","template":"","meta":[],"product_brand":[],"product_cat":[137],"product_tag":[],"class_list":{"0":"post-11112","1":"product","2":"type-product","3":"status-publish","5":"product_cat-maros-megyei-eletrajzi-lexikon","7":"first","8":"instock","9":"shipping-taxable","10":"product-type-simple"},"_links":{"self":[{"href":"https:\/\/uj.adatbank.ro\/lexikon\/wp-json\/wp\/v2\/product\/11112","targetHints":{"allow":["GET"]}}],"collection":[{"href":"https:\/\/uj.adatbank.ro\/lexikon\/wp-json\/wp\/v2\/product"}],"about":[{"href":"https:\/\/uj.adatbank.ro\/lexikon\/wp-json\/wp\/v2\/types\/product"}],"replies":[{"embeddable":true,"href":"https:\/\/uj.adatbank.ro\/lexikon\/wp-json\/wp\/v2\/comments?post=11112"}],"wp:attachment":[{"href":"https:\/\/uj.adatbank.ro\/lexikon\/wp-json\/wp\/v2\/media?parent=11112"}],"wp:term":[{"taxonomy":"product_brand","embeddable":true,"href":"https:\/\/uj.adatbank.ro\/lexikon\/wp-json\/wp\/v2\/product_brand?post=11112"},{"taxonomy":"product_cat","embeddable":true,"href":"https:\/\/uj.adatbank.ro\/lexikon\/wp-json\/wp\/v2\/product_cat?post=11112"},{"taxonomy":"product_tag","embeddable":true,"href":"https:\/\/uj.adatbank.ro\/lexikon\/wp-json\/wp\/v2\/product_tag?post=11112"}],"curies":[{"name":"wp","href":"https:\/\/api.w.org\/{rel}","templated":true}]}}