{"id":11115,"date":"2025-06-29T13:42:19","date_gmt":"2025-06-29T11:42:19","guid":{"rendered":"https:\/\/uj.adatbank.ro\/lexikon\/termek\/kakasy-bela-lukafalvi\/"},"modified":"2025-06-29T13:42:19","modified_gmt":"2025-06-29T11:42:19","slug":"kakasy-bela-lukafalvi","status":"publish","type":"product","link":"https:\/\/uj.adatbank.ro\/lexikon\/termek\/kakasy-bela-lukafalvi\/","title":{"rendered":"KAKASY B\u00e9la, lukafalvi"},"content":{"rendered":"<p>Nagyteremi, 1881., \u2020 ? : k\u00f6zs\u00e9gi f\u0151jegyz\u0151. \u2013 L\u00f3f\u0151sz\u00e9kely nemesi csal\u00e1db\u00f3l ered, apja: M\u00e1rton ref. lelk\u00e9sz volt. \u2013 Tanulm\u00e1nyait Mv.-en, Kv.-on v\u00e9gezte, majd Debrecenben csend\u0151rtiszti tanfolyamot hallgatott \u00e9s Bp.-en tett szakvizsg\u00e1t. Zalaegerszegen z\u00e1szl\u00f3s, innen a k\u00f6zigazgat\u00e1sba l\u00e9pett \u00e9s Mv.-en v\u00e9gzett jegyz\u0151i tanfolyamot. Jegyz\u0151 Lukafalv\u00e1n (1907\u2013), majd Szenth\u00e1roms\u00e1gon (1918\u2013). <br \/><strong>Irod.:<\/strong> Sz\u00e9kelyf\u00f6ld \u00ed. k<\/br><\/p>\n","protected":false},"excerpt":{"rendered":"<p>Nagyteremi, 1881., \u2020 ? : k\u00f6zs\u00e9gi f\u0151jegyz\u0151. \u2013 L\u00f3f\u0151sz\u00e9kely nemesi csal\u00e1db\u00f3l ered, apja: M\u00e1rton ref. lelk\u00e9sz volt. \u2013 Tanulm\u00e1nyait Mv.-en, Kv.-on v\u00e9gezte, majd Debrecenben csend\u0151rtiszti tanfolyamot hallgatott \u00e9s Bp.-en tett szakvizsg\u00e1t. Zalaegerszegen z\u00e1szl\u00f3s, innen a k\u00f6zigazgat\u00e1sba l\u00e9pett \u00e9s Mv.-en v\u00e9gzett jegyz\u0151i tanfolyamot. Jegyz\u0151 Lukafalv\u00e1n (1907\u2013), majd Szenth\u00e1roms\u00e1gon (1918\u2013). Irod.: Sz\u00e9kelyf\u00f6ld \u00ed. k<\/p>\n","protected":false},"featured_media":0,"comment_status":"open","ping_status":"closed","template":"","meta":[],"product_brand":[],"product_cat":[137],"product_tag":[],"class_list":{"0":"post-11115","1":"product","2":"type-product","3":"status-publish","5":"product_cat-maros-megyei-eletrajzi-lexikon","7":"first","8":"instock","9":"shipping-taxable","10":"product-type-simple"},"_links":{"self":[{"href":"https:\/\/uj.adatbank.ro\/lexikon\/wp-json\/wp\/v2\/product\/11115","targetHints":{"allow":["GET"]}}],"collection":[{"href":"https:\/\/uj.adatbank.ro\/lexikon\/wp-json\/wp\/v2\/product"}],"about":[{"href":"https:\/\/uj.adatbank.ro\/lexikon\/wp-json\/wp\/v2\/types\/product"}],"replies":[{"embeddable":true,"href":"https:\/\/uj.adatbank.ro\/lexikon\/wp-json\/wp\/v2\/comments?post=11115"}],"wp:attachment":[{"href":"https:\/\/uj.adatbank.ro\/lexikon\/wp-json\/wp\/v2\/media?parent=11115"}],"wp:term":[{"taxonomy":"product_brand","embeddable":true,"href":"https:\/\/uj.adatbank.ro\/lexikon\/wp-json\/wp\/v2\/product_brand?post=11115"},{"taxonomy":"product_cat","embeddable":true,"href":"https:\/\/uj.adatbank.ro\/lexikon\/wp-json\/wp\/v2\/product_cat?post=11115"},{"taxonomy":"product_tag","embeddable":true,"href":"https:\/\/uj.adatbank.ro\/lexikon\/wp-json\/wp\/v2\/product_tag?post=11115"}],"curies":[{"name":"wp","href":"https:\/\/api.w.org\/{rel}","templated":true}]}}