{"id":11116,"date":"2025-06-29T13:42:21","date_gmt":"2025-06-29T11:42:21","guid":{"rendered":"https:\/\/uj.adatbank.ro\/lexikon\/termek\/kakasy-marton\/"},"modified":"2025-06-29T13:42:21","modified_gmt":"2025-06-29T11:42:21","slug":"kakasy-marton","status":"publish","type":"product","link":"https:\/\/uj.adatbank.ro\/lexikon\/termek\/kakasy-marton\/","title":{"rendered":"KAKASY M\u00e1rton"},"content":{"rendered":"<p>Lukafalva, 1845. m\u00e1j. 20. \u2020 ? : ref. lelk\u00e9sz. \u2013 Megn\u0151s\u00fclt (1871), feles\u00e9ge: Daly\/ Dali Jol\u00e1n (1854 \u2013 Nagyteremi, 1924. nov. 17.). Gyermekeik: Gyula, feles\u00e9ge Papp Lenke; B\u00e9la; Gizella Sp\u00e1niel Vinc\u00e9n\u00e9; \u00d6d\u00f6n, feles\u00e9ge Smelk\u00e1l Olga; Jol\u00e1n J\u00e1nosy S\u00e1mueln\u00e9; Irma G\u00e1l Jen\u0151n\u00e9; R\u00f3zsika Lomj\u00e1nszky B\u00e9l\u00e1n\u00e9; Lajos; \u00c1rp\u00e1d, feles\u00e9ge Makkai Ter\u00e9z. \u2013 A mv.-i Ref. Koll. tanult (1856\u201362), k\u00e9t \u00e9vig jogot is hallgatott (ekkor tan\u00edtv\u00e1nyai voltak S\u00e1ndor J\u00e1nos, Hints Elek, G\u00f6ldner K\u00e1roly), majd Nagyenyeden teol\u00f3gi\u00e1t v\u00e9gzett. Oszt\u00e1lytan\u00edt\u00f3 lett a Ref. Koll.-ban, innen j\u00e1rt ki n\u00e9pk\u00f6lt\u00e9szetet gy\u0171jteni a k\u00f6zeli falvakban. Tan\u00e1ra Szab\u00f3 S\u00e1ndor vezette a gy\u0171jt\u0151munk\u00e1t \u00e9s a gy\u0171jt\u00f6tt n\u00e9pdalokat kiadta az \u00e1ltala szerkesztett Protest\u00e1ns K\u00f6zl\u00f6nyben. Nagyteremiben volt lelk\u00e9sz 50 \u00e9ven \u00e1t (1869\u20131919). Nev\u00e9hez f\u0171z\u0151dik a papilak (1897), az \u00faj templom \u00e9s csillagos, \u00f3r\u00e1s torony \u00e9p\u00edt\u00e9se Sz\u00e1sz Domokos p\u00fcsp\u00f6k seg\u00edts\u00e9g\u00e9vel (1904\u20131906. j\u00fal.), valamint az egyh\u00e1z anyagi meger\u0151s\u0151d\u00e9se, iskola\u00fcgy fejleszt\u00e9se, gyermek napk\u00f6zi-otthon fel\u00e1ll\u00edt\u00e1sa \u00e9s szorosabb \u00e9rtelembe vett lelkip\u00e1sztori kult\u00farmunka a gy\u00fclekezeti \u00e9s egyh\u00e1zt\u00e1rsadalmi-\u00e9let k\u00f6r\u00e9ben. A h\u00e1z amit \u00e9p\u00edttetett, majd a D\u00f3sa csal\u00e1dnak eladott, m\u00e1ra elpusztult. Cikkei a Protest\u00e1ns K\u00f6zl\u00f6nyben, az Egyh\u00e1zi K\u00f6zl\u00f6nyben jelentek meg. \u2013 <strong>F. m.:<\/strong> Naplemente: Egy ref. lelk\u00e9sz \u00e9lete \u00e9s feljegyz\u00e9sei (Mv., 1931). <br \/><strong>Irod.:<\/strong> Benk\u0151 Samu; Csekme Ferenc: K\u00e9pek a par\u00f3ki\u00e1r\u00f3l (Mv., 1927); Gy\u00e1szjelent.; Kakasy M\u00e1rton: Naplemente (Mv., 1931); Sepsisz\u00e9ki<\/br><\/p>\n","protected":false},"excerpt":{"rendered":"<p>Lukafalva, 1845. m\u00e1j. 20. \u2020 ? : ref. lelk\u00e9sz. \u2013 Megn\u0151s\u00fclt (1871), feles\u00e9ge: Daly\/ Dali Jol\u00e1n (1854 \u2013 Nagyteremi, 1924. nov. 17.). Gyermekeik: Gyula, feles\u00e9ge Papp Lenke; B\u00e9la; Gizella Sp\u00e1niel Vinc\u00e9n\u00e9; \u00d6d\u00f6n, feles\u00e9ge Smelk\u00e1l Olga; Jol\u00e1n J\u00e1nosy S\u00e1mueln\u00e9; Irma G\u00e1l Jen\u0151n\u00e9; R\u00f3zsika Lomj\u00e1nszky B\u00e9l\u00e1n\u00e9; Lajos; \u00c1rp\u00e1d, feles\u00e9ge Makkai Ter\u00e9z. \u2013 A mv.-i Ref. Koll. tanult [&hellip;]<\/p>\n","protected":false},"featured_media":0,"comment_status":"open","ping_status":"closed","template":"","meta":[],"product_brand":[],"product_cat":[137],"product_tag":[],"class_list":{"0":"post-11116","1":"product","2":"type-product","3":"status-publish","5":"product_cat-maros-megyei-eletrajzi-lexikon","7":"first","8":"instock","9":"shipping-taxable","10":"product-type-simple"},"_links":{"self":[{"href":"https:\/\/uj.adatbank.ro\/lexikon\/wp-json\/wp\/v2\/product\/11116","targetHints":{"allow":["GET"]}}],"collection":[{"href":"https:\/\/uj.adatbank.ro\/lexikon\/wp-json\/wp\/v2\/product"}],"about":[{"href":"https:\/\/uj.adatbank.ro\/lexikon\/wp-json\/wp\/v2\/types\/product"}],"replies":[{"embeddable":true,"href":"https:\/\/uj.adatbank.ro\/lexikon\/wp-json\/wp\/v2\/comments?post=11116"}],"wp:attachment":[{"href":"https:\/\/uj.adatbank.ro\/lexikon\/wp-json\/wp\/v2\/media?parent=11116"}],"wp:term":[{"taxonomy":"product_brand","embeddable":true,"href":"https:\/\/uj.adatbank.ro\/lexikon\/wp-json\/wp\/v2\/product_brand?post=11116"},{"taxonomy":"product_cat","embeddable":true,"href":"https:\/\/uj.adatbank.ro\/lexikon\/wp-json\/wp\/v2\/product_cat?post=11116"},{"taxonomy":"product_tag","embeddable":true,"href":"https:\/\/uj.adatbank.ro\/lexikon\/wp-json\/wp\/v2\/product_tag?post=11116"}],"curies":[{"name":"wp","href":"https:\/\/api.w.org\/{rel}","templated":true}]}}