{"id":11117,"date":"2025-06-29T13:42:22","date_gmt":"2025-06-29T11:42:22","guid":{"rendered":"https:\/\/uj.adatbank.ro\/lexikon\/termek\/kakonyi-iren-kasa-elemerne-kasa-iren\/"},"modified":"2025-06-29T13:42:22","modified_gmt":"2025-06-29T11:42:22","slug":"kakonyi-iren-kasa-elemerne-kasa-iren","status":"publish","type":"product","link":"https:\/\/uj.adatbank.ro\/lexikon\/termek\/kakonyi-iren-kasa-elemerne-kasa-iren\/","title":{"rendered":"K\u00c1KONYI Ir\u00e9n, K\u00e1sa Elem\u00e9rn\u00e9, K\u00e1sa Ir\u00e9n"},"content":{"rendered":"<p>Mv., 1902. nov. 24., \u2020 Mv., 1984. \u00e1pr. 2.: zenetan\u00e1rn\u0151, filharm\u00f3nia tag. \u2013 A Mv.-i \u00c1llami Filharm\u00f3nia alap\u00edt\u00f3 tagjai k\u00f6z\u00f6tt szerepelt, mint heged\u0171s (1950\u2013) nyugd\u00edjaz\u00e1s\u00e1ig. <br \/><strong>Irod.:<\/strong> Filarmonica 50; [Nekrol\u00f3g] (V. Z., 1984. \u00e1pr. 3.); csal\u00e1di inf.<\/br><\/p>\n","protected":false},"excerpt":{"rendered":"<p>Mv., 1902. nov. 24., \u2020 Mv., 1984. \u00e1pr. 2.: zenetan\u00e1rn\u0151, filharm\u00f3nia tag. \u2013 A Mv.-i \u00c1llami Filharm\u00f3nia alap\u00edt\u00f3 tagjai k\u00f6z\u00f6tt szerepelt, mint heged\u0171s (1950\u2013) nyugd\u00edjaz\u00e1s\u00e1ig. Irod.: Filarmonica 50; [Nekrol\u00f3g] (V. Z., 1984. \u00e1pr. 3.); csal\u00e1di inf.<\/p>\n","protected":false},"featured_media":0,"comment_status":"open","ping_status":"closed","template":"","meta":[],"product_brand":[],"product_cat":[137],"product_tag":[],"class_list":{"0":"post-11117","1":"product","2":"type-product","3":"status-publish","5":"product_cat-maros-megyei-eletrajzi-lexikon","7":"first","8":"instock","9":"shipping-taxable","10":"product-type-simple"},"_links":{"self":[{"href":"https:\/\/uj.adatbank.ro\/lexikon\/wp-json\/wp\/v2\/product\/11117","targetHints":{"allow":["GET"]}}],"collection":[{"href":"https:\/\/uj.adatbank.ro\/lexikon\/wp-json\/wp\/v2\/product"}],"about":[{"href":"https:\/\/uj.adatbank.ro\/lexikon\/wp-json\/wp\/v2\/types\/product"}],"replies":[{"embeddable":true,"href":"https:\/\/uj.adatbank.ro\/lexikon\/wp-json\/wp\/v2\/comments?post=11117"}],"wp:attachment":[{"href":"https:\/\/uj.adatbank.ro\/lexikon\/wp-json\/wp\/v2\/media?parent=11117"}],"wp:term":[{"taxonomy":"product_brand","embeddable":true,"href":"https:\/\/uj.adatbank.ro\/lexikon\/wp-json\/wp\/v2\/product_brand?post=11117"},{"taxonomy":"product_cat","embeddable":true,"href":"https:\/\/uj.adatbank.ro\/lexikon\/wp-json\/wp\/v2\/product_cat?post=11117"},{"taxonomy":"product_tag","embeddable":true,"href":"https:\/\/uj.adatbank.ro\/lexikon\/wp-json\/wp\/v2\/product_tag?post=11117"}],"curies":[{"name":"wp","href":"https:\/\/api.w.org\/{rel}","templated":true}]}}