{"id":11119,"date":"2025-06-29T13:42:27","date_gmt":"2025-06-29T11:42:27","guid":{"rendered":"https:\/\/uj.adatbank.ro\/lexikon\/termek\/kakonyi-jozsef\/"},"modified":"2025-06-29T13:42:27","modified_gmt":"2025-06-29T11:42:27","slug":"kakonyi-jozsef","status":"publish","type":"product","link":"https:\/\/uj.adatbank.ro\/lexikon\/termek\/kakonyi-jozsef\/","title":{"rendered":"K\u00c1KONYI J\u00f3zsef"},"content":{"rendered":"<p>Mv., 1905. m\u00e1rc. 24., \u2020 Mv., 1984. okt. 26.: \u00f6tv\u00f6sm\u0171v\u00e9sz, rajztan\u00e1r. \u2013 K. J\u00f3zsef, a mv.-i Technikai F\u00e9mipari K\u00f6z\u00e9piskola szakrajz tan\u00e1ra \u00e9s M\u00fcck Ir\u00e9n fia. Testv\u00e9rei: Ir\u00e9n K\u00e1sa Elem\u00e9rn\u00e9 (1902. nov. 24. \u2013 1984. \u00e1pr. 2.); Aranka Farkash\u00e1zyn\u00e9, statisztikus. (Mv., 1910. -Mv., 2002). <br \/><strong>Irod.:<\/strong> [Nekrol\u00f3g] (V. Z., 1984. okt. 26.)<\/br><\/p>\n","protected":false},"excerpt":{"rendered":"<p>Mv., 1905. m\u00e1rc. 24., \u2020 Mv., 1984. okt. 26.: \u00f6tv\u00f6sm\u0171v\u00e9sz, rajztan\u00e1r. \u2013 K. J\u00f3zsef, a mv.-i Technikai F\u00e9mipari K\u00f6z\u00e9piskola szakrajz tan\u00e1ra \u00e9s M\u00fcck Ir\u00e9n fia. Testv\u00e9rei: Ir\u00e9n K\u00e1sa Elem\u00e9rn\u00e9 (1902. nov. 24. \u2013 1984. \u00e1pr. 2.); Aranka Farkash\u00e1zyn\u00e9, statisztikus. (Mv., 1910. -Mv., 2002). Irod.: [Nekrol\u00f3g] (V. Z., 1984. okt. 26.)<\/p>\n","protected":false},"featured_media":0,"comment_status":"open","ping_status":"closed","template":"","meta":[],"product_brand":[],"product_cat":[137],"product_tag":[],"class_list":{"0":"post-11119","1":"product","2":"type-product","3":"status-publish","5":"product_cat-maros-megyei-eletrajzi-lexikon","7":"first","8":"instock","9":"shipping-taxable","10":"product-type-simple"},"_links":{"self":[{"href":"https:\/\/uj.adatbank.ro\/lexikon\/wp-json\/wp\/v2\/product\/11119","targetHints":{"allow":["GET"]}}],"collection":[{"href":"https:\/\/uj.adatbank.ro\/lexikon\/wp-json\/wp\/v2\/product"}],"about":[{"href":"https:\/\/uj.adatbank.ro\/lexikon\/wp-json\/wp\/v2\/types\/product"}],"replies":[{"embeddable":true,"href":"https:\/\/uj.adatbank.ro\/lexikon\/wp-json\/wp\/v2\/comments?post=11119"}],"wp:attachment":[{"href":"https:\/\/uj.adatbank.ro\/lexikon\/wp-json\/wp\/v2\/media?parent=11119"}],"wp:term":[{"taxonomy":"product_brand","embeddable":true,"href":"https:\/\/uj.adatbank.ro\/lexikon\/wp-json\/wp\/v2\/product_brand?post=11119"},{"taxonomy":"product_cat","embeddable":true,"href":"https:\/\/uj.adatbank.ro\/lexikon\/wp-json\/wp\/v2\/product_cat?post=11119"},{"taxonomy":"product_tag","embeddable":true,"href":"https:\/\/uj.adatbank.ro\/lexikon\/wp-json\/wp\/v2\/product_tag?post=11119"}],"curies":[{"name":"wp","href":"https:\/\/api.w.org\/{rel}","templated":true}]}}